{"id":10101074,"date":"2026-02-27T12:50:59","date_gmt":"2026-02-27T17:50:59","guid":{"rendered":"https:\/\/kennyupull.com\/?page_id=10101074"},"modified":"2026-02-27T12:54:01","modified_gmt":"2026-02-27T17:54:01","slug":"vendez-votre-vehicule","status":"publish","type":"page","link":"https:\/\/kennyupull.com\/fr\/vendez-votre-vehicule\/","title":{"rendered":"Acheteur de v\u00e9hicule FR campaigns Bing"},"content":{"rendered":"","protected":false},"excerpt":{"rendered":"","protected":false},"author":144,"featured_media":0,"parent":0,"menu_order":0,"comment_status":"closed","ping_status":"closed","template":"views\/template-ads-landing-page-v2.blade.php","meta":{"_acf_changed":false,"footnotes":""},"class_list":["post-10101074","page","type-page","status-publish","hentry"],"acf":[],"yoast_head":"<!-- This site is optimized with the Yoast SEO plugin v26.3 - https:\/\/yoast.com\/wordpress\/plugins\/seo\/ -->\n<title>Achat de V\u00e9hicules Pour Scrap | Kenny U-Pull<\/title>\n<meta name=\"description\" content=\"Nous offrons le meilleur prix pour votre auto scrap, peu importe son \u00e9tat. Service rapide, remorquage gratuit et argent comptant imm\u00e9diat.\" \/>\n<meta name=\"robots\" content=\"index, follow, max-snippet:-1, max-image-preview:large, max-video-preview:-1\" \/>\n<link rel=\"canonical\" href=\"https:\/\/kennyupull.com\/fr\/vendez-votre-vehicule\/\" \/>\n<meta property=\"og:locale\" content=\"fr_FR\" \/>\n<meta property=\"og:type\" content=\"article\" \/>\n<meta property=\"og:title\" content=\"Achat de V\u00e9hicules Pour Scrap | Kenny U-Pull\" \/>\n<meta property=\"og:description\" content=\"Nous offrons le meilleur prix pour votre auto scrap, peu importe son \u00e9tat. Service rapide, remorquage gratuit et argent comptant imm\u00e9diat.\" \/>\n<meta property=\"og:url\" content=\"https:\/\/kennyupull.com\/fr\/vendez-votre-vehicule\/\" \/>\n<meta property=\"og:site_name\" content=\"Kenny U-Pull\" \/>\n<meta property=\"article:modified_time\" content=\"2026-02-27T17:54:01+00:00\" \/>\n<meta name=\"twitter:card\" content=\"summary_large_image\" \/>\n<script type=\"application\/ld+json\" class=\"yoast-schema-graph\">{\"@context\":\"https:\/\/schema.org\",\"@graph\":[{\"@type\":\"WebPage\",\"@id\":\"https:\/\/kennyupull.com\/fr\/vendez-votre-vehicule\/\",\"url\":\"https:\/\/kennyupull.com\/fr\/vendez-votre-vehicule\/\",\"name\":\"Achat de V\u00e9hicules Pour Scrap | Kenny U-Pull\",\"isPartOf\":{\"@id\":\"https:\/\/kennyupull.com\/#website\"},\"datePublished\":\"2026-02-27T17:50:59+00:00\",\"dateModified\":\"2026-02-27T17:54:01+00:00\",\"description\":\"Nous offrons le meilleur prix pour votre auto scrap, peu importe son \u00e9tat. Service rapide, remorquage gratuit et argent comptant imm\u00e9diat.\",\"inLanguage\":\"fr-FR\",\"potentialAction\":[{\"@type\":\"ReadAction\",\"target\":[\"https:\/\/kennyupull.com\/fr\/vendez-votre-vehicule\/\"]}]},{\"@type\":\"WebSite\",\"@id\":\"https:\/\/kennyupull.com\/#website\",\"url\":\"https:\/\/kennyupull.com\/\",\"name\":\"Kenny U-Pull\",\"description\":\"\",\"potentialAction\":[{\"@type\":\"SearchAction\",\"target\":{\"@type\":\"EntryPoint\",\"urlTemplate\":\"https:\/\/kennyupull.com\/?s={search_term_string}\"},\"query-input\":{\"@type\":\"PropertyValueSpecification\",\"valueRequired\":true,\"valueName\":\"search_term_string\"}}],\"inLanguage\":\"fr-FR\"}]}<\/script>\n<!-- \/ Yoast SEO plugin. -->","yoast_head_json":{"title":"Achat de V\u00e9hicules Pour Scrap | Kenny U-Pull","description":"Nous offrons le meilleur prix pour votre auto scrap, peu importe son \u00e9tat. Service rapide, remorquage gratuit et argent comptant imm\u00e9diat.","robots":{"index":"index","follow":"follow","max-snippet":"max-snippet:-1","max-image-preview":"max-image-preview:large","max-video-preview":"max-video-preview:-1"},"canonical":"https:\/\/kennyupull.com\/fr\/vendez-votre-vehicule\/","og_locale":"fr_FR","og_type":"article","og_title":"Achat de V\u00e9hicules Pour Scrap | Kenny U-Pull","og_description":"Nous offrons le meilleur prix pour votre auto scrap, peu importe son \u00e9tat. Service rapide, remorquage gratuit et argent comptant imm\u00e9diat.","og_url":"https:\/\/kennyupull.com\/fr\/vendez-votre-vehicule\/","og_site_name":"Kenny U-Pull","article_modified_time":"2026-02-27T17:54:01+00:00","twitter_card":"summary_large_image","schema":{"@context":"https:\/\/schema.org","@graph":[{"@type":"WebPage","@id":"https:\/\/kennyupull.com\/fr\/vendez-votre-vehicule\/","url":"https:\/\/kennyupull.com\/fr\/vendez-votre-vehicule\/","name":"Achat de V\u00e9hicules Pour Scrap | Kenny U-Pull","isPartOf":{"@id":"https:\/\/kennyupull.com\/#website"},"datePublished":"2026-02-27T17:50:59+00:00","dateModified":"2026-02-27T17:54:01+00:00","description":"Nous offrons le meilleur prix pour votre auto scrap, peu importe son \u00e9tat. Service rapide, remorquage gratuit et argent comptant imm\u00e9diat.","inLanguage":"fr-FR","potentialAction":[{"@type":"ReadAction","target":["https:\/\/kennyupull.com\/fr\/vendez-votre-vehicule\/"]}]},{"@type":"WebSite","@id":"https:\/\/kennyupull.com\/#website","url":"https:\/\/kennyupull.com\/","name":"Kenny U-Pull","description":"","potentialAction":[{"@type":"SearchAction","target":{"@type":"EntryPoint","urlTemplate":"https:\/\/kennyupull.com\/?s={search_term_string}"},"query-input":{"@type":"PropertyValueSpecification","valueRequired":true,"valueName":"search_term_string"}}],"inLanguage":"fr-FR"}]}},"publishpress_future_action":{"enabled":false,"date":"2026-04-11 13:25:06","action":"change-status","newStatus":"draft","terms":[],"taxonomy":"translation_priority","extraData":[]},"publishpress_future_workflow_manual_trigger":{"enabledWorkflows":[]},"_links":{"self":[{"href":"https:\/\/kennyupull.com\/fr\/wp-json\/wp\/v2\/pages\/10101074","targetHints":{"allow":["GET"]}}],"collection":[{"href":"https:\/\/kennyupull.com\/fr\/wp-json\/wp\/v2\/pages"}],"about":[{"href":"https:\/\/kennyupull.com\/fr\/wp-json\/wp\/v2\/types\/page"}],"author":[{"embeddable":true,"href":"https:\/\/kennyupull.com\/fr\/wp-json\/wp\/v2\/users\/144"}],"replies":[{"embeddable":true,"href":"https:\/\/kennyupull.com\/fr\/wp-json\/wp\/v2\/comments?post=10101074"}],"version-history":[{"count":2,"href":"https:\/\/kennyupull.com\/fr\/wp-json\/wp\/v2\/pages\/10101074\/revisions"}],"predecessor-version":[{"id":10104216,"href":"https:\/\/kennyupull.com\/fr\/wp-json\/wp\/v2\/pages\/10101074\/revisions\/10104216"}],"wp:attachment":[{"href":"https:\/\/kennyupull.com\/fr\/wp-json\/wp\/v2\/media?parent=10101074"}],"curies":[{"name":"wp","href":"https:\/\/api.w.org\/{rel}","templated":true}]}}