{"id":41764,"date":"2021-12-14T16:27:04","date_gmt":"2021-12-14T21:27:04","guid":{"rendered":"https:\/\/kennyupull.com\/autos-a-vendre\/"},"modified":"2025-09-08T15:52:39","modified_gmt":"2025-09-08T19:52:39","slug":"autos-a-vendre","status":"publish","type":"page","link":"https:\/\/kennyupull.com\/fr\/autos-a-vendre\/","title":{"rendered":"Autos \u00e0 vendre"},"content":{"rendered":"","protected":false},"excerpt":{"rendered":"","protected":false},"author":1,"featured_media":0,"parent":0,"menu_order":0,"comment_status":"closed","ping_status":"closed","template":"views\/template-cars-for-sale.blade.php","meta":{"_acf_changed":false,"footnotes":""},"class_list":["post-41764","page","type-page","status-publish","hentry"],"acf":[],"yoast_head":"<!-- This site is optimized with the Yoast SEO plugin v26.3 - https:\/\/yoast.com\/wordpress\/plugins\/seo\/ -->\n<title>Auto usag\u00e9es \u00e0 vendre | Kenny U-Pull<\/title>\n<meta name=\"description\" content=\"\u00c0 la recherche d&#039;un mod\u00e8le utilitaire, d&#039;une auto \u00e0 modifier ou d&#039;une machine \u00e0 braver l&#039;hiver? Trouvez votre v\u00e9hicule chez Kenny U-Pull.\" \/>\n<meta name=\"robots\" content=\"index, follow, max-snippet:-1, max-image-preview:large, max-video-preview:-1\" \/>\n<link rel=\"canonical\" href=\"https:\/\/kennyupull.com\/fr\/autos-a-vendre\/\" \/>\n<meta property=\"og:locale\" content=\"fr_FR\" \/>\n<meta property=\"og:type\" content=\"article\" \/>\n<meta property=\"og:title\" content=\"Auto usag\u00e9es \u00e0 vendre | Kenny U-Pull\" \/>\n<meta property=\"og:description\" content=\"\u00c0 la recherche d&#039;un mod\u00e8le utilitaire, d&#039;une auto \u00e0 modifier ou d&#039;une machine \u00e0 braver l&#039;hiver? Trouvez votre v\u00e9hicule chez Kenny U-Pull.\" \/>\n<meta property=\"og:url\" content=\"https:\/\/kennyupull.com\/fr\/autos-a-vendre\/\" \/>\n<meta property=\"og:site_name\" content=\"Kenny U-Pull\" \/>\n<meta property=\"article:modified_time\" content=\"2025-09-08T19:52:39+00:00\" \/>\n<meta name=\"twitter:card\" content=\"summary_large_image\" \/>\n<script type=\"application\/ld+json\" class=\"yoast-schema-graph\">{\"@context\":\"https:\/\/schema.org\",\"@graph\":[{\"@type\":\"WebPage\",\"@id\":\"https:\/\/kennyupull.com\/fr\/autos-a-vendre\/\",\"url\":\"https:\/\/kennyupull.com\/fr\/autos-a-vendre\/\",\"name\":\"Auto usag\u00e9es \u00e0 vendre | Kenny U-Pull\",\"isPartOf\":{\"@id\":\"https:\/\/kennyupull.com\/#website\"},\"datePublished\":\"2021-12-14T21:27:04+00:00\",\"dateModified\":\"2025-09-08T19:52:39+00:00\",\"description\":\"\u00c0 la recherche d'un mod\u00e8le utilitaire, d'une auto \u00e0 modifier ou d'une machine \u00e0 braver l'hiver? Trouvez votre v\u00e9hicule chez Kenny U-Pull.\",\"inLanguage\":\"fr-FR\",\"potentialAction\":[{\"@type\":\"ReadAction\",\"target\":[\"https:\/\/kennyupull.com\/fr\/autos-a-vendre\/\"]}]},{\"@type\":\"WebSite\",\"@id\":\"https:\/\/kennyupull.com\/#website\",\"url\":\"https:\/\/kennyupull.com\/\",\"name\":\"Kenny U-Pull\",\"description\":\"\",\"potentialAction\":[{\"@type\":\"SearchAction\",\"target\":{\"@type\":\"EntryPoint\",\"urlTemplate\":\"https:\/\/kennyupull.com\/?s={search_term_string}\"},\"query-input\":{\"@type\":\"PropertyValueSpecification\",\"valueRequired\":true,\"valueName\":\"search_term_string\"}}],\"inLanguage\":\"fr-FR\"}]}<\/script>\n<!-- \/ Yoast SEO plugin. -->","yoast_head_json":{"title":"Auto usag\u00e9es \u00e0 vendre | Kenny U-Pull","description":"\u00c0 la recherche d'un mod\u00e8le utilitaire, d'une auto \u00e0 modifier ou d'une machine \u00e0 braver l'hiver? Trouvez votre v\u00e9hicule chez Kenny U-Pull.","robots":{"index":"index","follow":"follow","max-snippet":"max-snippet:-1","max-image-preview":"max-image-preview:large","max-video-preview":"max-video-preview:-1"},"canonical":"https:\/\/kennyupull.com\/fr\/autos-a-vendre\/","og_locale":"fr_FR","og_type":"article","og_title":"Auto usag\u00e9es \u00e0 vendre | Kenny U-Pull","og_description":"\u00c0 la recherche d'un mod\u00e8le utilitaire, d'une auto \u00e0 modifier ou d'une machine \u00e0 braver l'hiver? Trouvez votre v\u00e9hicule chez Kenny U-Pull.","og_url":"https:\/\/kennyupull.com\/fr\/autos-a-vendre\/","og_site_name":"Kenny U-Pull","article_modified_time":"2025-09-08T19:52:39+00:00","twitter_card":"summary_large_image","schema":{"@context":"https:\/\/schema.org","@graph":[{"@type":"WebPage","@id":"https:\/\/kennyupull.com\/fr\/autos-a-vendre\/","url":"https:\/\/kennyupull.com\/fr\/autos-a-vendre\/","name":"Auto usag\u00e9es \u00e0 vendre | Kenny U-Pull","isPartOf":{"@id":"https:\/\/kennyupull.com\/#website"},"datePublished":"2021-12-14T21:27:04+00:00","dateModified":"2025-09-08T19:52:39+00:00","description":"\u00c0 la recherche d'un mod\u00e8le utilitaire, d'une auto \u00e0 modifier ou d'une machine \u00e0 braver l'hiver? Trouvez votre v\u00e9hicule chez Kenny U-Pull.","inLanguage":"fr-FR","potentialAction":[{"@type":"ReadAction","target":["https:\/\/kennyupull.com\/fr\/autos-a-vendre\/"]}]},{"@type":"WebSite","@id":"https:\/\/kennyupull.com\/#website","url":"https:\/\/kennyupull.com\/","name":"Kenny U-Pull","description":"","potentialAction":[{"@type":"SearchAction","target":{"@type":"EntryPoint","urlTemplate":"https:\/\/kennyupull.com\/?s={search_term_string}"},"query-input":{"@type":"PropertyValueSpecification","valueRequired":true,"valueName":"search_term_string"}}],"inLanguage":"fr-FR"}]}},"publishpress_future_action":{"enabled":false,"date":"2026-04-16 08:30:47","action":"change-status","newStatus":"draft","terms":[],"taxonomy":"translation_priority","extraData":[]},"publishpress_future_workflow_manual_trigger":{"enabledWorkflows":[]},"_links":{"self":[{"href":"https:\/\/kennyupull.com\/fr\/wp-json\/wp\/v2\/pages\/41764","targetHints":{"allow":["GET"]}}],"collection":[{"href":"https:\/\/kennyupull.com\/fr\/wp-json\/wp\/v2\/pages"}],"about":[{"href":"https:\/\/kennyupull.com\/fr\/wp-json\/wp\/v2\/types\/page"}],"author":[{"embeddable":true,"href":"https:\/\/kennyupull.com\/fr\/wp-json\/wp\/v2\/users\/1"}],"replies":[{"embeddable":true,"href":"https:\/\/kennyupull.com\/fr\/wp-json\/wp\/v2\/comments?post=41764"}],"version-history":[{"count":18,"href":"https:\/\/kennyupull.com\/fr\/wp-json\/wp\/v2\/pages\/41764\/revisions"}],"predecessor-version":[{"id":10104776,"href":"https:\/\/kennyupull.com\/fr\/wp-json\/wp\/v2\/pages\/41764\/revisions\/10104776"}],"wp:attachment":[{"href":"https:\/\/kennyupull.com\/fr\/wp-json\/wp\/v2\/media?parent=41764"}],"curies":[{"name":"wp","href":"https:\/\/api.w.org\/{rel}","templated":true}]}}