{"id":41879,"date":"2022-01-24T09:45:06","date_gmt":"2022-01-24T14:45:06","guid":{"rendered":"https:\/\/kennyupull.com\/?page_id=41879"},"modified":"2022-10-07T08:56:00","modified_gmt":"2022-10-07T12:56:00","slug":"inventaire-voitures-pieces-usagees","status":"publish","type":"page","link":"https:\/\/kennyupull.com\/fr\/pieces-auto-usagee\/inventaire-voitures-pieces-usagees\/","title":{"rendered":"Notre inventaire de voitures"},"content":{"rendered":"","protected":false},"excerpt":{"rendered":"","protected":false},"author":1,"featured_media":0,"parent":41871,"menu_order":0,"comment_status":"closed","ping_status":"closed","template":"views\/template-auto-parts.blade.php","meta":{"_acf_changed":false,"footnotes":""},"class_list":["post-41879","page","type-page","status-publish","hentry"],"acf":[],"yoast_head":"<!-- This site is optimized with the Yoast SEO plugin v26.3 - https:\/\/yoast.com\/wordpress\/plugins\/seo\/ -->\n<title>Pi\u00e8ces d\u2019auto usag\u00e9es | Inventaire de v\u00e9hicules | Kenny U-Pull<\/title>\n<meta name=\"description\" content=\"Batterie, pneu, porte, moteur, alternateur et plus. Nous avons toutes les pi\u00e8ces en libre-service! D\u00e9couvrez nos prix r\u00e9duits avec plus de 17 000 voitures en inventaire.\" \/>\n<meta name=\"robots\" content=\"index, follow, max-snippet:-1, max-image-preview:large, max-video-preview:-1\" \/>\n<link rel=\"canonical\" href=\"https:\/\/kennyupull.com\/fr\/pieces-auto-usagee\/inventaire-voitures-pieces-usagees\/\" \/>\n<meta property=\"og:locale\" content=\"fr_FR\" \/>\n<meta property=\"og:type\" content=\"article\" \/>\n<meta property=\"og:title\" content=\"Pi\u00e8ces d\u2019auto usag\u00e9es | Inventaire de v\u00e9hicules | Kenny U-Pull\" \/>\n<meta property=\"og:description\" content=\"Batterie, pneu, porte, moteur, alternateur et plus. Nous avons toutes les pi\u00e8ces en libre-service! D\u00e9couvrez nos prix r\u00e9duits avec plus de 17 000 voitures en inventaire.\" \/>\n<meta property=\"og:url\" content=\"https:\/\/kennyupull.com\/fr\/pieces-auto-usagee\/inventaire-voitures-pieces-usagees\/\" \/>\n<meta property=\"og:site_name\" content=\"Kenny U-Pull\" \/>\n<meta property=\"article:modified_time\" content=\"2022-10-07T12:56:00+00:00\" \/>\n<meta name=\"twitter:card\" content=\"summary_large_image\" \/>\n<script type=\"application\/ld+json\" class=\"yoast-schema-graph\">{\"@context\":\"https:\/\/schema.org\",\"@graph\":[{\"@type\":\"WebPage\",\"@id\":\"https:\/\/kennyupull.com\/fr\/pieces-auto-usagee\/inventaire-voitures-pieces-usagees\/\",\"url\":\"https:\/\/kennyupull.com\/fr\/pieces-auto-usagee\/inventaire-voitures-pieces-usagees\/\",\"name\":\"Pi\u00e8ces d\u2019auto usag\u00e9es | Inventaire de v\u00e9hicules | Kenny U-Pull\",\"isPartOf\":{\"@id\":\"https:\/\/kennyupull.com\/#website\"},\"datePublished\":\"2022-01-24T14:45:06+00:00\",\"dateModified\":\"2022-10-07T12:56:00+00:00\",\"description\":\"Batterie, pneu, porte, moteur, alternateur et plus. Nous avons toutes les pi\u00e8ces en libre-service! D\u00e9couvrez nos prix r\u00e9duits avec plus de 17 000 voitures en inventaire.\",\"breadcrumb\":{\"@id\":\"https:\/\/kennyupull.com\/fr\/pieces-auto-usagee\/inventaire-voitures-pieces-usagees\/#breadcrumb\"},\"inLanguage\":\"fr-FR\",\"potentialAction\":[{\"@type\":\"ReadAction\",\"target\":[\"https:\/\/kennyupull.com\/fr\/pieces-auto-usagee\/inventaire-voitures-pieces-usagees\/\"]}]},{\"@type\":\"BreadcrumbList\",\"@id\":\"https:\/\/kennyupull.com\/fr\/pieces-auto-usagee\/inventaire-voitures-pieces-usagees\/#breadcrumb\",\"itemListElement\":[{\"@type\":\"ListItem\",\"position\":1,\"name\":\"Pi\u00e8ces d\u2019auto usag\u00e9es \u00e0 vendre\",\"item\":\"https:\/\/kennyupull.com\/fr\/pieces-auto-usagee\/\"},{\"@type\":\"ListItem\",\"position\":2,\"name\":\"Notre inventaire de voitures\"}]},{\"@type\":\"WebSite\",\"@id\":\"https:\/\/kennyupull.com\/#website\",\"url\":\"https:\/\/kennyupull.com\/\",\"name\":\"Kenny U-Pull\",\"description\":\"\",\"potentialAction\":[{\"@type\":\"SearchAction\",\"target\":{\"@type\":\"EntryPoint\",\"urlTemplate\":\"https:\/\/kennyupull.com\/?s={search_term_string}\"},\"query-input\":{\"@type\":\"PropertyValueSpecification\",\"valueRequired\":true,\"valueName\":\"search_term_string\"}}],\"inLanguage\":\"fr-FR\"}]}<\/script>\n<!-- \/ Yoast SEO plugin. -->","yoast_head_json":{"title":"Pi\u00e8ces d\u2019auto usag\u00e9es | Inventaire de v\u00e9hicules | Kenny U-Pull","description":"Batterie, pneu, porte, moteur, alternateur et plus. Nous avons toutes les pi\u00e8ces en libre-service! D\u00e9couvrez nos prix r\u00e9duits avec plus de 17 000 voitures en inventaire.","robots":{"index":"index","follow":"follow","max-snippet":"max-snippet:-1","max-image-preview":"max-image-preview:large","max-video-preview":"max-video-preview:-1"},"canonical":"https:\/\/kennyupull.com\/fr\/pieces-auto-usagee\/inventaire-voitures-pieces-usagees\/","og_locale":"fr_FR","og_type":"article","og_title":"Pi\u00e8ces d\u2019auto usag\u00e9es | Inventaire de v\u00e9hicules | Kenny U-Pull","og_description":"Batterie, pneu, porte, moteur, alternateur et plus. Nous avons toutes les pi\u00e8ces en libre-service! D\u00e9couvrez nos prix r\u00e9duits avec plus de 17 000 voitures en inventaire.","og_url":"https:\/\/kennyupull.com\/fr\/pieces-auto-usagee\/inventaire-voitures-pieces-usagees\/","og_site_name":"Kenny U-Pull","article_modified_time":"2022-10-07T12:56:00+00:00","twitter_card":"summary_large_image","schema":{"@context":"https:\/\/schema.org","@graph":[{"@type":"WebPage","@id":"https:\/\/kennyupull.com\/fr\/pieces-auto-usagee\/inventaire-voitures-pieces-usagees\/","url":"https:\/\/kennyupull.com\/fr\/pieces-auto-usagee\/inventaire-voitures-pieces-usagees\/","name":"Pi\u00e8ces d\u2019auto usag\u00e9es | Inventaire de v\u00e9hicules | Kenny U-Pull","isPartOf":{"@id":"https:\/\/kennyupull.com\/#website"},"datePublished":"2022-01-24T14:45:06+00:00","dateModified":"2022-10-07T12:56:00+00:00","description":"Batterie, pneu, porte, moteur, alternateur et plus. Nous avons toutes les pi\u00e8ces en libre-service! D\u00e9couvrez nos prix r\u00e9duits avec plus de 17 000 voitures en inventaire.","breadcrumb":{"@id":"https:\/\/kennyupull.com\/fr\/pieces-auto-usagee\/inventaire-voitures-pieces-usagees\/#breadcrumb"},"inLanguage":"fr-FR","potentialAction":[{"@type":"ReadAction","target":["https:\/\/kennyupull.com\/fr\/pieces-auto-usagee\/inventaire-voitures-pieces-usagees\/"]}]},{"@type":"BreadcrumbList","@id":"https:\/\/kennyupull.com\/fr\/pieces-auto-usagee\/inventaire-voitures-pieces-usagees\/#breadcrumb","itemListElement":[{"@type":"ListItem","position":1,"name":"Pi\u00e8ces d\u2019auto usag\u00e9es \u00e0 vendre","item":"https:\/\/kennyupull.com\/fr\/pieces-auto-usagee\/"},{"@type":"ListItem","position":2,"name":"Notre inventaire de voitures"}]},{"@type":"WebSite","@id":"https:\/\/kennyupull.com\/#website","url":"https:\/\/kennyupull.com\/","name":"Kenny U-Pull","description":"","potentialAction":[{"@type":"SearchAction","target":{"@type":"EntryPoint","urlTemplate":"https:\/\/kennyupull.com\/?s={search_term_string}"},"query-input":{"@type":"PropertyValueSpecification","valueRequired":true,"valueName":"search_term_string"}}],"inLanguage":"fr-FR"}]}},"publishpress_future_action":{"enabled":false,"date":"2026-04-24 06:39:43","action":"change-status","newStatus":"draft","terms":[],"taxonomy":"translation_priority","extraData":[]},"publishpress_future_workflow_manual_trigger":{"enabledWorkflows":[]},"_links":{"self":[{"href":"https:\/\/kennyupull.com\/fr\/wp-json\/wp\/v2\/pages\/41879","targetHints":{"allow":["GET"]}}],"collection":[{"href":"https:\/\/kennyupull.com\/fr\/wp-json\/wp\/v2\/pages"}],"about":[{"href":"https:\/\/kennyupull.com\/fr\/wp-json\/wp\/v2\/types\/page"}],"author":[{"embeddable":true,"href":"https:\/\/kennyupull.com\/fr\/wp-json\/wp\/v2\/users\/1"}],"replies":[{"embeddable":true,"href":"https:\/\/kennyupull.com\/fr\/wp-json\/wp\/v2\/comments?post=41879"}],"version-history":[{"count":24,"href":"https:\/\/kennyupull.com\/fr\/wp-json\/wp\/v2\/pages\/41879\/revisions"}],"predecessor-version":[{"id":3820031,"href":"https:\/\/kennyupull.com\/fr\/wp-json\/wp\/v2\/pages\/41879\/revisions\/3820031"}],"up":[{"embeddable":true,"href":"https:\/\/kennyupull.com\/fr\/wp-json\/wp\/v2\/pages\/41871"}],"wp:attachment":[{"href":"https:\/\/kennyupull.com\/fr\/wp-json\/wp\/v2\/media?parent=41879"}],"curies":[{"name":"wp","href":"https:\/\/api.w.org\/{rel}","templated":true}]}}