{"id":41893,"date":"2022-01-24T10:16:31","date_gmt":"2022-01-24T15:16:31","guid":{"rendered":"https:\/\/kennyupull.com\/?page_id=41893"},"modified":"2026-02-09T09:16:05","modified_gmt":"2026-02-09T14:16:05","slug":"pneus-et-batteries-usages","status":"publish","type":"page","link":"https:\/\/kennyupull.com\/fr\/pieces-auto-usagee\/pneus-et-batteries-usages\/","title":{"rendered":"Pneus, jantes et batteries"},"content":{"rendered":"","protected":false},"excerpt":{"rendered":"","protected":false},"author":1,"featured_media":0,"parent":41871,"menu_order":0,"comment_status":"closed","ping_status":"closed","template":"views\/template-tires-batteries.blade.php","meta":{"_acf_changed":false,"footnotes":""},"class_list":["post-41893","page","type-page","status-publish","hentry"],"acf":[],"yoast_head":"<!-- This site is optimized with the Yoast SEO plugin v26.3 - https:\/\/yoast.com\/wordpress\/plugins\/seo\/ -->\n<title>Pneus usag\u00e9s et batteries usag\u00e9es | Kenny U-Pull<\/title>\n<meta name=\"description\" content=\"Retrouvez nos pneus et batteries usag\u00e9s en excellente condition dans nos succursales.\" \/>\n<meta name=\"robots\" content=\"index, follow, max-snippet:-1, max-image-preview:large, max-video-preview:-1\" \/>\n<link rel=\"canonical\" href=\"https:\/\/kennyupull.com\/fr\/pieces-auto-usagee\/pneus-et-batteries-usages\/\" \/>\n<meta property=\"og:locale\" content=\"fr_FR\" \/>\n<meta property=\"og:type\" content=\"article\" \/>\n<meta property=\"og:title\" content=\"Pneus usag\u00e9s et batteries usag\u00e9es | Kenny U-Pull\" \/>\n<meta property=\"og:description\" content=\"Retrouvez nos pneus et batteries usag\u00e9s en excellente condition dans nos succursales.\" \/>\n<meta property=\"og:url\" content=\"https:\/\/kennyupull.com\/fr\/pieces-auto-usagee\/pneus-et-batteries-usages\/\" \/>\n<meta property=\"og:site_name\" content=\"Kenny U-Pull\" \/>\n<meta property=\"article:modified_time\" content=\"2026-02-09T14:16:05+00:00\" \/>\n<meta name=\"twitter:card\" content=\"summary_large_image\" \/>\n<script type=\"application\/ld+json\" class=\"yoast-schema-graph\">{\"@context\":\"https:\/\/schema.org\",\"@graph\":[{\"@type\":\"WebPage\",\"@id\":\"https:\/\/kennyupull.com\/fr\/pieces-auto-usagee\/pneus-et-batteries-usages\/\",\"url\":\"https:\/\/kennyupull.com\/fr\/pieces-auto-usagee\/pneus-et-batteries-usages\/\",\"name\":\"Pneus usag\u00e9s et batteries usag\u00e9es | Kenny U-Pull\",\"isPartOf\":{\"@id\":\"https:\/\/kennyupull.com\/#website\"},\"datePublished\":\"2022-01-24T15:16:31+00:00\",\"dateModified\":\"2026-02-09T14:16:05+00:00\",\"description\":\"Retrouvez nos pneus et batteries usag\u00e9s en excellente condition dans nos succursales.\",\"breadcrumb\":{\"@id\":\"https:\/\/kennyupull.com\/fr\/pieces-auto-usagee\/pneus-et-batteries-usages\/#breadcrumb\"},\"inLanguage\":\"fr-FR\",\"potentialAction\":[{\"@type\":\"ReadAction\",\"target\":[\"https:\/\/kennyupull.com\/fr\/pieces-auto-usagee\/pneus-et-batteries-usages\/\"]}]},{\"@type\":\"BreadcrumbList\",\"@id\":\"https:\/\/kennyupull.com\/fr\/pieces-auto-usagee\/pneus-et-batteries-usages\/#breadcrumb\",\"itemListElement\":[{\"@type\":\"ListItem\",\"position\":1,\"name\":\"Pi\u00e8ces d\u2019auto usag\u00e9es \u00e0 vendre\",\"item\":\"https:\/\/kennyupull.com\/fr\/pieces-auto-usagee\/\"},{\"@type\":\"ListItem\",\"position\":2,\"name\":\"Pneus, jantes et batteries\"}]},{\"@type\":\"WebSite\",\"@id\":\"https:\/\/kennyupull.com\/#website\",\"url\":\"https:\/\/kennyupull.com\/\",\"name\":\"Kenny U-Pull\",\"description\":\"\",\"potentialAction\":[{\"@type\":\"SearchAction\",\"target\":{\"@type\":\"EntryPoint\",\"urlTemplate\":\"https:\/\/kennyupull.com\/?s={search_term_string}\"},\"query-input\":{\"@type\":\"PropertyValueSpecification\",\"valueRequired\":true,\"valueName\":\"search_term_string\"}}],\"inLanguage\":\"fr-FR\"}]}<\/script>\n<!-- \/ Yoast SEO plugin. -->","yoast_head_json":{"title":"Pneus usag\u00e9s et batteries usag\u00e9es | Kenny U-Pull","description":"Retrouvez nos pneus et batteries usag\u00e9s en excellente condition dans nos succursales.","robots":{"index":"index","follow":"follow","max-snippet":"max-snippet:-1","max-image-preview":"max-image-preview:large","max-video-preview":"max-video-preview:-1"},"canonical":"https:\/\/kennyupull.com\/fr\/pieces-auto-usagee\/pneus-et-batteries-usages\/","og_locale":"fr_FR","og_type":"article","og_title":"Pneus usag\u00e9s et batteries usag\u00e9es | Kenny U-Pull","og_description":"Retrouvez nos pneus et batteries usag\u00e9s en excellente condition dans nos succursales.","og_url":"https:\/\/kennyupull.com\/fr\/pieces-auto-usagee\/pneus-et-batteries-usages\/","og_site_name":"Kenny U-Pull","article_modified_time":"2026-02-09T14:16:05+00:00","twitter_card":"summary_large_image","schema":{"@context":"https:\/\/schema.org","@graph":[{"@type":"WebPage","@id":"https:\/\/kennyupull.com\/fr\/pieces-auto-usagee\/pneus-et-batteries-usages\/","url":"https:\/\/kennyupull.com\/fr\/pieces-auto-usagee\/pneus-et-batteries-usages\/","name":"Pneus usag\u00e9s et batteries usag\u00e9es | Kenny U-Pull","isPartOf":{"@id":"https:\/\/kennyupull.com\/#website"},"datePublished":"2022-01-24T15:16:31+00:00","dateModified":"2026-02-09T14:16:05+00:00","description":"Retrouvez nos pneus et batteries usag\u00e9s en excellente condition dans nos succursales.","breadcrumb":{"@id":"https:\/\/kennyupull.com\/fr\/pieces-auto-usagee\/pneus-et-batteries-usages\/#breadcrumb"},"inLanguage":"fr-FR","potentialAction":[{"@type":"ReadAction","target":["https:\/\/kennyupull.com\/fr\/pieces-auto-usagee\/pneus-et-batteries-usages\/"]}]},{"@type":"BreadcrumbList","@id":"https:\/\/kennyupull.com\/fr\/pieces-auto-usagee\/pneus-et-batteries-usages\/#breadcrumb","itemListElement":[{"@type":"ListItem","position":1,"name":"Pi\u00e8ces d\u2019auto usag\u00e9es \u00e0 vendre","item":"https:\/\/kennyupull.com\/fr\/pieces-auto-usagee\/"},{"@type":"ListItem","position":2,"name":"Pneus, jantes et batteries"}]},{"@type":"WebSite","@id":"https:\/\/kennyupull.com\/#website","url":"https:\/\/kennyupull.com\/","name":"Kenny U-Pull","description":"","potentialAction":[{"@type":"SearchAction","target":{"@type":"EntryPoint","urlTemplate":"https:\/\/kennyupull.com\/?s={search_term_string}"},"query-input":{"@type":"PropertyValueSpecification","valueRequired":true,"valueName":"search_term_string"}}],"inLanguage":"fr-FR"}]}},"publishpress_future_action":{"enabled":false,"date":"2026-05-04 12:51:48","action":"change-status","newStatus":"draft","terms":[],"taxonomy":"translation_priority","extraData":[]},"publishpress_future_workflow_manual_trigger":{"enabledWorkflows":[]},"_links":{"self":[{"href":"https:\/\/kennyupull.com\/fr\/wp-json\/wp\/v2\/pages\/41893","targetHints":{"allow":["GET"]}}],"collection":[{"href":"https:\/\/kennyupull.com\/fr\/wp-json\/wp\/v2\/pages"}],"about":[{"href":"https:\/\/kennyupull.com\/fr\/wp-json\/wp\/v2\/types\/page"}],"author":[{"embeddable":true,"href":"https:\/\/kennyupull.com\/fr\/wp-json\/wp\/v2\/users\/1"}],"replies":[{"embeddable":true,"href":"https:\/\/kennyupull.com\/fr\/wp-json\/wp\/v2\/comments?post=41893"}],"version-history":[{"count":27,"href":"https:\/\/kennyupull.com\/fr\/wp-json\/wp\/v2\/pages\/41893\/revisions"}],"predecessor-version":[{"id":10076605,"href":"https:\/\/kennyupull.com\/fr\/wp-json\/wp\/v2\/pages\/41893\/revisions\/10076605"}],"up":[{"embeddable":true,"href":"https:\/\/kennyupull.com\/fr\/wp-json\/wp\/v2\/pages\/41871"}],"wp:attachment":[{"href":"https:\/\/kennyupull.com\/fr\/wp-json\/wp\/v2\/media?parent=41893"}],"curies":[{"name":"wp","href":"https:\/\/api.w.org\/{rel}","templated":true}]}}