{"id":41897,"date":"2022-01-24T10:43:43","date_gmt":"2022-01-24T15:43:43","guid":{"rendered":"https:\/\/kennyupull.com\/?page_id=41897"},"modified":"2025-02-18T11:00:25","modified_gmt":"2025-02-18T16:00:25","slug":"carrieres","status":"publish","type":"page","link":"https:\/\/kennyupull.com\/fr\/carrieres\/","title":{"rendered":"Carri\u00e8res"},"content":{"rendered":"","protected":false},"excerpt":{"rendered":"","protected":false},"author":1,"featured_media":0,"parent":0,"menu_order":0,"comment_status":"closed","ping_status":"closed","template":"views\/template-career.blade.php","meta":{"_acf_changed":false,"footnotes":""},"class_list":["post-41897","page","type-page","status-publish","hentry"],"acf":[],"yoast_head":"<!-- This site is optimized with the Yoast SEO plugin v26.3 - https:\/\/yoast.com\/wordpress\/plugins\/seo\/ -->\n<title>Emplois disponibles dans le domaine de l'auto usag\u00e9e | Kenny U-Pull<\/title>\n<meta name=\"description\" content=\"Vous souhaitez faire carri\u00e8re dans le milieu automobile? D\u00e9couvrez nos emplois disponibles au Qu\u00e9bec, en Ontario, dans l&#039;est Canadien et dans le Maine!\" \/>\n<meta name=\"robots\" content=\"index, follow, max-snippet:-1, max-image-preview:large, max-video-preview:-1\" \/>\n<link rel=\"canonical\" href=\"https:\/\/kennyupull.com\/fr\/carrieres\/\" \/>\n<meta property=\"og:locale\" content=\"fr_FR\" \/>\n<meta property=\"og:type\" content=\"article\" \/>\n<meta property=\"og:title\" content=\"Emplois disponibles dans le domaine de l&#039;auto usag\u00e9e | Kenny U-Pull\" \/>\n<meta property=\"og:description\" content=\"Vous souhaitez faire carri\u00e8re dans le milieu automobile? D\u00e9couvrez nos emplois disponibles au Qu\u00e9bec, en Ontario, dans l&#039;est Canadien et dans le Maine!\" \/>\n<meta property=\"og:url\" content=\"https:\/\/kennyupull.com\/fr\/carrieres\/\" \/>\n<meta property=\"og:site_name\" content=\"Kenny U-Pull\" \/>\n<meta property=\"article:modified_time\" content=\"2025-02-18T16:00:25+00:00\" \/>\n<meta name=\"twitter:card\" content=\"summary_large_image\" \/>\n<script type=\"application\/ld+json\" class=\"yoast-schema-graph\">{\"@context\":\"https:\/\/schema.org\",\"@graph\":[{\"@type\":\"WebPage\",\"@id\":\"https:\/\/kennyupull.com\/fr\/carrieres\/\",\"url\":\"https:\/\/kennyupull.com\/fr\/carrieres\/\",\"name\":\"Emplois disponibles dans le domaine de l'auto usag\u00e9e | Kenny U-Pull\",\"isPartOf\":{\"@id\":\"https:\/\/kennyupull.com\/#website\"},\"datePublished\":\"2022-01-24T15:43:43+00:00\",\"dateModified\":\"2025-02-18T16:00:25+00:00\",\"description\":\"Vous souhaitez faire carri\u00e8re dans le milieu automobile? D\u00e9couvrez nos emplois disponibles au Qu\u00e9bec, en Ontario, dans l'est Canadien et dans le Maine!\",\"inLanguage\":\"fr-FR\",\"potentialAction\":[{\"@type\":\"ReadAction\",\"target\":[\"https:\/\/kennyupull.com\/fr\/carrieres\/\"]}]},{\"@type\":\"WebSite\",\"@id\":\"https:\/\/kennyupull.com\/#website\",\"url\":\"https:\/\/kennyupull.com\/\",\"name\":\"Kenny U-Pull\",\"description\":\"\",\"potentialAction\":[{\"@type\":\"SearchAction\",\"target\":{\"@type\":\"EntryPoint\",\"urlTemplate\":\"https:\/\/kennyupull.com\/?s={search_term_string}\"},\"query-input\":{\"@type\":\"PropertyValueSpecification\",\"valueRequired\":true,\"valueName\":\"search_term_string\"}}],\"inLanguage\":\"fr-FR\"}]}<\/script>\n<!-- \/ Yoast SEO plugin. -->","yoast_head_json":{"title":"Emplois disponibles dans le domaine de l'auto usag\u00e9e | Kenny U-Pull","description":"Vous souhaitez faire carri\u00e8re dans le milieu automobile? D\u00e9couvrez nos emplois disponibles au Qu\u00e9bec, en Ontario, dans l'est Canadien et dans le Maine!","robots":{"index":"index","follow":"follow","max-snippet":"max-snippet:-1","max-image-preview":"max-image-preview:large","max-video-preview":"max-video-preview:-1"},"canonical":"https:\/\/kennyupull.com\/fr\/carrieres\/","og_locale":"fr_FR","og_type":"article","og_title":"Emplois disponibles dans le domaine de l'auto usag\u00e9e | Kenny U-Pull","og_description":"Vous souhaitez faire carri\u00e8re dans le milieu automobile? D\u00e9couvrez nos emplois disponibles au Qu\u00e9bec, en Ontario, dans l'est Canadien et dans le Maine!","og_url":"https:\/\/kennyupull.com\/fr\/carrieres\/","og_site_name":"Kenny U-Pull","article_modified_time":"2025-02-18T16:00:25+00:00","twitter_card":"summary_large_image","schema":{"@context":"https:\/\/schema.org","@graph":[{"@type":"WebPage","@id":"https:\/\/kennyupull.com\/fr\/carrieres\/","url":"https:\/\/kennyupull.com\/fr\/carrieres\/","name":"Emplois disponibles dans le domaine de l'auto usag\u00e9e | Kenny U-Pull","isPartOf":{"@id":"https:\/\/kennyupull.com\/#website"},"datePublished":"2022-01-24T15:43:43+00:00","dateModified":"2025-02-18T16:00:25+00:00","description":"Vous souhaitez faire carri\u00e8re dans le milieu automobile? D\u00e9couvrez nos emplois disponibles au Qu\u00e9bec, en Ontario, dans l'est Canadien et dans le Maine!","inLanguage":"fr-FR","potentialAction":[{"@type":"ReadAction","target":["https:\/\/kennyupull.com\/fr\/carrieres\/"]}]},{"@type":"WebSite","@id":"https:\/\/kennyupull.com\/#website","url":"https:\/\/kennyupull.com\/","name":"Kenny U-Pull","description":"","potentialAction":[{"@type":"SearchAction","target":{"@type":"EntryPoint","urlTemplate":"https:\/\/kennyupull.com\/?s={search_term_string}"},"query-input":{"@type":"PropertyValueSpecification","valueRequired":true,"valueName":"search_term_string"}}],"inLanguage":"fr-FR"}]}},"publishpress_future_action":{"enabled":false,"date":"2026-04-29 01:24:26","action":"change-status","newStatus":"draft","terms":[],"taxonomy":"translation_priority","extraData":[]},"publishpress_future_workflow_manual_trigger":{"enabledWorkflows":[]},"_links":{"self":[{"href":"https:\/\/kennyupull.com\/fr\/wp-json\/wp\/v2\/pages\/41897","targetHints":{"allow":["GET"]}}],"collection":[{"href":"https:\/\/kennyupull.com\/fr\/wp-json\/wp\/v2\/pages"}],"about":[{"href":"https:\/\/kennyupull.com\/fr\/wp-json\/wp\/v2\/types\/page"}],"author":[{"embeddable":true,"href":"https:\/\/kennyupull.com\/fr\/wp-json\/wp\/v2\/users\/1"}],"replies":[{"embeddable":true,"href":"https:\/\/kennyupull.com\/fr\/wp-json\/wp\/v2\/comments?post=41897"}],"version-history":[{"count":72,"href":"https:\/\/kennyupull.com\/fr\/wp-json\/wp\/v2\/pages\/41897\/revisions"}],"predecessor-version":[{"id":9653813,"href":"https:\/\/kennyupull.com\/fr\/wp-json\/wp\/v2\/pages\/41897\/revisions\/9653813"}],"wp:attachment":[{"href":"https:\/\/kennyupull.com\/fr\/wp-json\/wp\/v2\/media?parent=41897"}],"curies":[{"name":"wp","href":"https:\/\/api.w.org\/{rel}","templated":true}]}}