{"id":41906,"date":"2022-01-24T11:00:53","date_gmt":"2022-01-24T16:00:53","guid":{"rendered":"https:\/\/kennyupull.com\/?page_id=41906"},"modified":"2026-02-25T15:35:36","modified_gmt":"2026-02-25T20:35:36","slug":"a-propos","status":"publish","type":"page","link":"https:\/\/kennyupull.com\/fr\/a-propos\/","title":{"rendered":"\u00c0 propos"},"content":{"rendered":"","protected":false},"excerpt":{"rendered":"","protected":false},"author":1,"featured_media":0,"parent":0,"menu_order":0,"comment_status":"closed","ping_status":"closed","template":"views\/template-about-us.blade.php","meta":{"_acf_changed":false,"footnotes":""},"class_list":["post-41906","page","type-page","status-publish","hentry"],"acf":[],"yoast_head":"<!-- This site is optimized with the Yoast SEO plugin v26.3 - https:\/\/yoast.com\/wordpress\/plugins\/seo\/ -->\n<title>Cour \u00e0 scrap r\u00e9invent\u00e9e et vente de pi\u00e8ces d'auto usag\u00e9es | Kenny U-Pull<\/title>\n<meta name=\"description\" content=\"Vous voulez vendre votre voiture usag\u00e9e ou cherchez une pi\u00e8ce d&#039;auto de remplacement en particulier? D\u00e9couvrez Kenny U-Pull, la cour \u00e0 scrap qui recycle!\" \/>\n<meta name=\"robots\" content=\"index, follow, max-snippet:-1, max-image-preview:large, max-video-preview:-1\" \/>\n<link rel=\"canonical\" href=\"https:\/\/kennyupull.com\/fr\/a-propos\/\" \/>\n<meta property=\"og:locale\" content=\"fr_FR\" \/>\n<meta property=\"og:type\" content=\"article\" \/>\n<meta property=\"og:title\" content=\"Cour \u00e0 scrap r\u00e9invent\u00e9e et vente de pi\u00e8ces d&#039;auto usag\u00e9es | Kenny U-Pull\" \/>\n<meta property=\"og:description\" content=\"Vous voulez vendre votre voiture usag\u00e9e ou cherchez une pi\u00e8ce d&#039;auto de remplacement en particulier? D\u00e9couvrez Kenny U-Pull, la cour \u00e0 scrap qui recycle!\" \/>\n<meta property=\"og:url\" content=\"https:\/\/kennyupull.com\/fr\/a-propos\/\" \/>\n<meta property=\"og:site_name\" content=\"Kenny U-Pull\" \/>\n<meta property=\"article:modified_time\" content=\"2026-02-25T20:35:36+00:00\" \/>\n<meta name=\"twitter:card\" content=\"summary_large_image\" \/>\n<script type=\"application\/ld+json\" class=\"yoast-schema-graph\">{\"@context\":\"https:\/\/schema.org\",\"@graph\":[{\"@type\":\"WebPage\",\"@id\":\"https:\/\/kennyupull.com\/fr\/a-propos\/\",\"url\":\"https:\/\/kennyupull.com\/fr\/a-propos\/\",\"name\":\"Cour \u00e0 scrap r\u00e9invent\u00e9e et vente de pi\u00e8ces d'auto usag\u00e9es | Kenny U-Pull\",\"isPartOf\":{\"@id\":\"https:\/\/kennyupull.com\/#website\"},\"datePublished\":\"2022-01-24T16:00:53+00:00\",\"dateModified\":\"2026-02-25T20:35:36+00:00\",\"description\":\"Vous voulez vendre votre voiture usag\u00e9e ou cherchez une pi\u00e8ce d'auto de remplacement en particulier? D\u00e9couvrez Kenny U-Pull, la cour \u00e0 scrap qui recycle!\",\"inLanguage\":\"fr-FR\",\"potentialAction\":[{\"@type\":\"ReadAction\",\"target\":[\"https:\/\/kennyupull.com\/fr\/a-propos\/\"]}]},{\"@type\":\"WebSite\",\"@id\":\"https:\/\/kennyupull.com\/#website\",\"url\":\"https:\/\/kennyupull.com\/\",\"name\":\"Kenny U-Pull\",\"description\":\"\",\"potentialAction\":[{\"@type\":\"SearchAction\",\"target\":{\"@type\":\"EntryPoint\",\"urlTemplate\":\"https:\/\/kennyupull.com\/?s={search_term_string}\"},\"query-input\":{\"@type\":\"PropertyValueSpecification\",\"valueRequired\":true,\"valueName\":\"search_term_string\"}}],\"inLanguage\":\"fr-FR\"}]}<\/script>\n<!-- \/ Yoast SEO plugin. -->","yoast_head_json":{"title":"Cour \u00e0 scrap r\u00e9invent\u00e9e et vente de pi\u00e8ces d'auto usag\u00e9es | Kenny U-Pull","description":"Vous voulez vendre votre voiture usag\u00e9e ou cherchez une pi\u00e8ce d'auto de remplacement en particulier? D\u00e9couvrez Kenny U-Pull, la cour \u00e0 scrap qui recycle!","robots":{"index":"index","follow":"follow","max-snippet":"max-snippet:-1","max-image-preview":"max-image-preview:large","max-video-preview":"max-video-preview:-1"},"canonical":"https:\/\/kennyupull.com\/fr\/a-propos\/","og_locale":"fr_FR","og_type":"article","og_title":"Cour \u00e0 scrap r\u00e9invent\u00e9e et vente de pi\u00e8ces d'auto usag\u00e9es | Kenny U-Pull","og_description":"Vous voulez vendre votre voiture usag\u00e9e ou cherchez une pi\u00e8ce d'auto de remplacement en particulier? D\u00e9couvrez Kenny U-Pull, la cour \u00e0 scrap qui recycle!","og_url":"https:\/\/kennyupull.com\/fr\/a-propos\/","og_site_name":"Kenny U-Pull","article_modified_time":"2026-02-25T20:35:36+00:00","twitter_card":"summary_large_image","schema":{"@context":"https:\/\/schema.org","@graph":[{"@type":"WebPage","@id":"https:\/\/kennyupull.com\/fr\/a-propos\/","url":"https:\/\/kennyupull.com\/fr\/a-propos\/","name":"Cour \u00e0 scrap r\u00e9invent\u00e9e et vente de pi\u00e8ces d'auto usag\u00e9es | Kenny U-Pull","isPartOf":{"@id":"https:\/\/kennyupull.com\/#website"},"datePublished":"2022-01-24T16:00:53+00:00","dateModified":"2026-02-25T20:35:36+00:00","description":"Vous voulez vendre votre voiture usag\u00e9e ou cherchez une pi\u00e8ce d'auto de remplacement en particulier? D\u00e9couvrez Kenny U-Pull, la cour \u00e0 scrap qui recycle!","inLanguage":"fr-FR","potentialAction":[{"@type":"ReadAction","target":["https:\/\/kennyupull.com\/fr\/a-propos\/"]}]},{"@type":"WebSite","@id":"https:\/\/kennyupull.com\/#website","url":"https:\/\/kennyupull.com\/","name":"Kenny U-Pull","description":"","potentialAction":[{"@type":"SearchAction","target":{"@type":"EntryPoint","urlTemplate":"https:\/\/kennyupull.com\/?s={search_term_string}"},"query-input":{"@type":"PropertyValueSpecification","valueRequired":true,"valueName":"search_term_string"}}],"inLanguage":"fr-FR"}]}},"publishpress_future_action":{"enabled":false,"date":"2026-04-15 17:59:09","action":"change-status","newStatus":"draft","terms":[],"taxonomy":"translation_priority","extraData":[]},"publishpress_future_workflow_manual_trigger":{"enabledWorkflows":[]},"_links":{"self":[{"href":"https:\/\/kennyupull.com\/fr\/wp-json\/wp\/v2\/pages\/41906","targetHints":{"allow":["GET"]}}],"collection":[{"href":"https:\/\/kennyupull.com\/fr\/wp-json\/wp\/v2\/pages"}],"about":[{"href":"https:\/\/kennyupull.com\/fr\/wp-json\/wp\/v2\/types\/page"}],"author":[{"embeddable":true,"href":"https:\/\/kennyupull.com\/fr\/wp-json\/wp\/v2\/users\/1"}],"replies":[{"embeddable":true,"href":"https:\/\/kennyupull.com\/fr\/wp-json\/wp\/v2\/comments?post=41906"}],"version-history":[{"count":52,"href":"https:\/\/kennyupull.com\/fr\/wp-json\/wp\/v2\/pages\/41906\/revisions"}],"predecessor-version":[{"id":10097919,"href":"https:\/\/kennyupull.com\/fr\/wp-json\/wp\/v2\/pages\/41906\/revisions\/10097919"}],"wp:attachment":[{"href":"https:\/\/kennyupull.com\/fr\/wp-json\/wp\/v2\/media?parent=41906"}],"curies":[{"name":"wp","href":"https:\/\/api.w.org\/{rel}","templated":true}]}}