{"id":41994,"date":"2022-02-02T10:35:39","date_gmt":"2022-02-02T15:35:39","guid":{"rendered":"https:\/\/kennyupull.com\/?page_id=41994"},"modified":"2024-06-04T13:34:42","modified_gmt":"2024-06-04T17:34:42","slug":"politique-de-confidentialite","status":"publish","type":"page","link":"https:\/\/kennyupull.com\/fr\/politique-de-confidentialite\/","title":{"rendered":"Politique de confidentialit\u00e9"},"content":{"rendered":"<div class=\"text-description\">\n    <div class=\"container\">\n    <div class=\"row\">\n    <div class=\"col-12\">\n        <div class=\"section-inner\">\n                            <h2 class=\"title\">Politique de protection des renseignements personnels<\/h2>\n            \n                            <div class=\"pn-wysiwyg\">\n\t<p><strong>Date d&rsquo;entr\u00e9e en vigueur : 22 septembre 2023 <\/strong><\/p>\n<p>La pr\u00e9sente politique de confidentialit\u00e9 en ligne (\u00ab\u00a0Politique\u00a0\u00bb) de la Compagnie Am\u00e9ricaine de Fer &#038; M\u00e9taux Inc. et de ses filiales, notamment Kenny U-Pull, AIM Delsan et AIM Solder (collectivement d\u00e9sign\u00e9es dans le pr\u00e9sent document par \u00ab\u00a0AIM\u00a0\u00bb, \u00ab\u00a0nous\u00a0\u00bb, \u00ab\u00a0notre\u00a0\u00bb ou \u00ab\u00a0nos\u00a0\u00bb). La pr\u00e9sente Politique d\u00e9crit les informations que nous recueillons aupr\u00e8s de vous, la mani\u00e8re dont nous utilisons ces informations et les choix dont vous disposez quant \u00e0 la mani\u00e8re dont vos informations sont utilis\u00e9es. Elle s&rsquo;applique uniquement aux informations recueillies par AIM par l&rsquo;interm\u00e9diaire de son Site (y comprenant toutes les pages web y \u00e9tant contenu, le \u00ab\u00a0Site\u00a0\u00bb) et ne s&rsquo;applique pas aux informations recueillies par AIM par toute autre mani\u00e8re. Aux fins de la pr\u00e9sente Politique, le terme \u00ab\u00a0informations personnelles\u00a0\u00bb d\u00e9signe les informations relatives \u00e0 une personne qui permettent de l&rsquo;identifier, directement ou indirectement, notamment son nom, son adresse personnelle, son num\u00e9ro de t\u00e9l\u00e9phone et son adresse \u00e9lectronique. <\/p>\n<p>Votre utilisation du Site indique que vous avez lu, compris et accept\u00e9 nos pratiques en mati\u00e8re de protection de la vie priv\u00e9e, telles qu&rsquo;elles sont d\u00e9crites plus en d\u00e9tail dans la pr\u00e9sente Politique. Si vous n&rsquo;acceptez pas les termes de cette Politique, veuillez ne pas utiliser le site. Veuillez noter que votre utilisation du Site est \u00e9galement soumise aux conditions d&rsquo;utilisation \u00e9galement publi\u00e9es sur le site. <\/p>\n<p><strong>Enfants de moins de 14 ans <\/strong><\/p>\n<p>AIM ne recueille pas sciemment d&rsquo;informations personnelles aupr\u00e8s d&rsquo;enfants de moins de 14 ans. Les enfants ne sont pas autoris\u00e9s \u00e0 utiliser le Site ou les services. AIM demande donc aux enfants de moins de 14 ans de ne pas soumettre d&rsquo;informations personnelles \u00e0 AIM ou au Site. Si nous sommes inform\u00e9s que nous avons recueilli ou re\u00e7u des informations personnelles d&rsquo;un enfant de moins de 14 ans, nous supprimerons ces informations. \u00c9tant donn\u00e9 que les informations concernant les enfants de moins de 14 ans ne sont pas collect\u00e9es intentionnellement, AIM ne distribue pas intentionnellement d&rsquo;informations personnelles concernant des enfants de moins de 14 ans. <\/p>\n<p><strong>Informations recueillies par AIM <\/strong><\/p>\n<p>AIM recueille certaines informations concernant l&rsquo;utilisation du Site. Ces informations ne sont pas associ\u00e9es \u00e0 vous en tant qu&rsquo;individu, qu&rsquo;elles soient utilis\u00e9es seules ou en combinaison avec d&rsquo;autres informations. Ces informations sont recueillies pour \u00e9valuer les performances du Site et pour nous aider \u00e0 d\u00e9terminer les fonctions et les services les plus importants pour les visiteurs. Les informations anonymes collect\u00e9es par le Site peuvent inclure des informations telles que le type de navigateur que vous utilisez, les pages du Site consult\u00e9es, votre adresse IP et le temps pass\u00e9 sur notre site. <\/p>\n<p>Il peut \u00e9galement vous \u00eatre demand\u00e9 de fournir des informations personnelles sur le Site. Les informations personnelles peuvent \u00eatre recueillies lorsque vous remplissez et envoyez des formulaires de retour d&rsquo;information ou des courriers \u00e9lectroniques \u00e0 AIM ou lorsque vous vous inscrivez \u00e0 une liste de communiqu\u00e9s de presse et de publications et\/ou lorsque vous communiquez avec nous par le biais de la page web \u00ab\u00a0Contactez-nous\u00a0\u00bb. En fournissant des informations personnelles \u00e0 AIM, vous consentez \u00e0 ce qu&rsquo;elles soient collect\u00e9es, utilis\u00e9es et divulgu\u00e9es conform\u00e9ment \u00e0 la pr\u00e9sente Politique. Les informations personnelles ne sont collect\u00e9es sur le Site que lorsque vous nous les soumettez volontairement. <\/p>\n<p><strong>Utilisation des informations personnelles<\/strong> <\/p>\n<p>La liste suivante \u00e9num\u00e8re les types d&rsquo;informations personnelles que nous pouvons collecter sur le Site : <\/p>\n<ul>\n<li>votre nom et pr\u00e9nom* ;<\/li>\n<li>votre num\u00e9ro de t\u00e9l\u00e9phone ;<\/li>\n<li>votre ville* ;<\/li>\n<li>votre r\u00e9gion\/\u00e9tat\/province* ; et, <\/li>\n<li>votre adresse \u00e9lectronique*. <\/li>\n<\/ul>\n<p>Ces types d&rsquo;informations personnelles sont collect\u00e9s dans la section \u00ab\u00a0Contactez-nous\u00a0\u00bb une fois que vous avez accept\u00e9 de nous fournir ces informations. Seuls les \u00e9l\u00e9ments marqu\u00e9s d&rsquo;un ast\u00e9risque (*) sont n\u00e9cessaires pour r\u00e9pondre \u00e0 la demande d&rsquo;informations dans la section \u00a0\u00bb Contactez-nous \u00ab\u00a0. <\/p>\n<p>Les informations personnelles que nous recueillons sur le Site sont utilis\u00e9es uniquement pour : <\/p>\n<ul>\n<li>traiter les demandes et vous tenir inform\u00e9 de l&rsquo;\u00e9tat d&rsquo;avancement de votre demande ; <\/li>\n<li>vous envoyer des communiqu\u00e9s de presse et des publications par courrier \u00e9lectronique ou postal ;<\/li>\n<li>r\u00e9pondre \u00e0 vos demandes de renseignements <\/li>\n<li>vous informer des produits ou des offres sp\u00e9ciales susceptibles de vous int\u00e9resser ;<\/li>\n<li>faire respecter les conditions d&rsquo;utilisation du Site ; et<\/li>\n<li>pr\u00e9venir les activit\u00e9s potentiellement interdites ou ill\u00e9gales.<\/li>\n<\/ul>\n<p><strong>Divulgation d&rsquo;informations personnelles<\/strong> <\/p>\n<p>AIM peut utiliser et\/ou divulguer des \u00ab\u00a0donn\u00e9es agr\u00e9g\u00e9es\u00a0\u00bb anonymes \u00e0 des tiers afin de personnaliser votre exp\u00e9rience du Site, d&rsquo;aider AIM \u00e0 analyser l&rsquo;int\u00e9r\u00eat pour certaines parties du Site, le comportement de navigation de ses utilisateurs afin d&rsquo;am\u00e9liorer le contenu, la fonction et la conception du Site et d&rsquo;obtenir des donn\u00e9es permettant d&rsquo;apporter des am\u00e9liorations au Site. <\/p>\n<p>AIM ne vend pas, ne loue pas et ne partage pas les informations personnelles avec des tiers, sauf dans les cas pr\u00e9vus dans la pr\u00e9sente Politique. Nous engageons occasionnellement des tiers pour fournir des services limit\u00e9s en notre nom, tels que l&rsquo;h\u00e9bergement du Site, l&rsquo;administration des enqu\u00eates, le traitement, l&rsquo;envoi et la livraison des commandes, et l&rsquo;envoi d&rsquo;informations sur nos produits et services. Toutefois, ces tiers sont tenus de pr\u00e9server la confidentialit\u00e9 des informations personnelles et ne sont pas autoris\u00e9s \u00e0 les utiliser \u00e0 d&rsquo;autres fins que la fourniture de ces services. <\/p>\n<p>En outre, nous pouvons divulguer des informations personnelles lorsque la loi l&rsquo;exige. Par exemple, nous pouvons divulguer des informations personnelles pour : <\/p>\n<ul>\n<li>r\u00e9pondre \u00e0 une citation \u00e0 compara\u00eetre, \u00e0 une ordonnance d&rsquo;un tribunal, \u00e0 une demande d&rsquo;un organisme charg\u00e9 de l&rsquo;application de la loi ou d&rsquo;un organisme gouvernemental ; <\/li>\n<li>v\u00e9rifier ou faire respecter les politiques et les lois applicables r\u00e9gissant le Site ; ou <\/li>\n<li>se prot\u00e9ger contre l&rsquo;utilisation abusive ou non autoris\u00e9e du site. <\/li>\n<\/ul>\n<p>Nous nous r\u00e9servons \u00e9galement le droit de partager, de c\u00e9der ou de transf\u00e9rer vos informations personnelles \u00e0 l&rsquo;une de nos soci\u00e9t\u00e9s affili\u00e9es ou \u00e0 tout successeur dans l&rsquo;int\u00e9r\u00eat de notre entreprise par le biais d&rsquo;une fusion, d&rsquo;une vente d&rsquo;actifs, d&rsquo;une r\u00e9organisation, de l&rsquo;application de la loi ou d&rsquo;une autre mani\u00e8re. Nous nous r\u00e9servons \u00e9galement le droit de partager des informations anonymes et agr\u00e9g\u00e9es avec des parties potentielles de vente ou de fusion, des parties qui nous fournissent un financement et leurs conseillers respectifs. <\/p>\n<p>Vos informations personnelles peuvent \u00eatre conserv\u00e9es dans nos bureaux et dans ceux des tiers autoris\u00e9s mentionn\u00e9s ci-dessus. Certains de ces tiers peuvent \u00eatre bas\u00e9s ou partager vos informations en dehors de votre r\u00e9gion de r\u00e9sidence. En nous soumettant des informations personnelles, vous consentez \u00e0 la communication de vos informations personnelles et \u00e0 leur stockage en dehors de votre r\u00e9gion de r\u00e9sidence. Lorsque ces informations personnelles se trouvent en dehors de votre r\u00e9gion de r\u00e9sidence, elles sont soumises aux lois de la juridiction dans laquelle elles sont d\u00e9tenues et peuvent \u00eatre divulgu\u00e9es aux gouvernements, aux tribunaux ou aux organismes d&rsquo;application de la loi ou de r\u00e9glementation de ces autres juridictions en vertu des lois locales. <\/p>\n<p>En outre, si vous fournissez \u00e0 AIM du contenu \u00e0 publier ou des commentaires, nous pouvons publier votre nom d&rsquo;utilisateur, votre nom et\/ou votre lieu de r\u00e9sidence avec votre consentement. <\/p>\n<p><strong>Sites de tiers <\/strong><\/p>\n<p>Veuillez noter que le Site peut contenir des liens vers des sites web de tiers. Les pratiques en mati\u00e8re de protection de la vie priv\u00e9e des sites web li\u00e9s au Site ne sont pas r\u00e9gies par la pr\u00e9sente Politique et AIM n&rsquo;en est pas responsable. Si vous fournissez des informations \u00e0 ces tiers, des r\u00e8gles diff\u00e9rentes concernant la collecte et l&rsquo;utilisation de vos informations personnelles peuvent s&rsquo;appliquer. Nous vous encourageons \u00e0 lire et \u00e0 passer en revue les politiques de confidentialit\u00e9 de ces tiers avant de leur fournir des donn\u00e9es. Ces autres sites peuvent envoyer leurs propres cookies ou balises web aux utilisateurs pour collecter des donn\u00e9es ou solliciter des informations personnelles. <\/p>\n<p>En outre, d&rsquo;autres soci\u00e9t\u00e9s qui placent de la publicit\u00e9 sur le Site peuvent collecter des informations vous concernant lorsque vous consultez ou cliquez sur leur publicit\u00e9 en utilisant des cookies ou des balises web. Nous n&rsquo;exer\u00e7ons aucun contr\u00f4le sur cette collecte d&rsquo;informations. Vous devez contacter ces entit\u00e9s directement si vous avez des questions sur l&rsquo;utilisation des informations qu&rsquo;elles collectent. <\/p>\n<p><strong>Cookies, balises web et services analytiques <\/strong><\/p>\n<p>Les cookies sont de petits morceaux de donn\u00e9es qui sont d\u00e9pos\u00e9s sur votre disque dur. Les cookies vous permettent de stocker votre mot de passe et d&rsquo;autres informations d&rsquo;utilisateur sans avoir \u00e0 retaper constamment ces donn\u00e9es. AIM et ses prestataires de services marketing utilisent des cookies pour am\u00e9liorer votre exp\u00e9rience du site, identifier les utilisateurs r\u00e9guliers, suivre le comportement d&rsquo;utilisation et mieux servir les utilisateurs lors de leurs futures visites sur le site. Vous pouvez d\u00e9sactiver les cookies en les d\u00e9sactivant dans votre navigateur. Consultez la documentation de votre navigateur pour savoir comment proc\u00e9der. Veuillez noter que si vous bloquez les cookies, certaines parties du Site risquent de ne pas fonctionner correctement. <\/p>\n<p>Certaines pages du Site peuvent contenir des balises web et des cookies. Une balise web est une technique utilis\u00e9e pour surveiller l&rsquo;activit\u00e9 des utilisateurs sur les pages web \u00e0 des fins d&rsquo;analyse. <\/p>\n<p>En outre, AIM peut, de temps \u00e0 autre, utiliser des plateformes ou des services analytiques tels que Google Analytics en conjonction avec des cookies ou des balises web pour, \u00e0 titre d&rsquo;exemple, afficher des publicit\u00e9s susceptibles de vous int\u00e9resser sur le Site et sur divers sites que vous pouvez parcourir en fonction de votre groupe d&rsquo;\u00e2ge, de votre sexe et de vos cat\u00e9gories d&rsquo;int\u00e9r\u00eat. <\/p>\n<p>Vous pouvez mettre fin au contenu cibl\u00e9 g\u00e9n\u00e9r\u00e9 par les plateformes analytiques en modifiant les param\u00e8tres de votre compte Google et en acc\u00e9dant aux pages de d\u00e9sactivation g\u00e9r\u00e9es par des tiers tels que la Network Advertising Initiative, l&rsquo;Alliance de la publicit\u00e9 num\u00e9rique du Canada et\/ou l&rsquo;Alliance de la publicit\u00e9 num\u00e9rique. <\/p>\n<p><strong>S\u00e9curit\u00e9<\/strong> <\/p>\n<p>AIM a mis en \u0153uvre des mesures de protection physiques, administratives et techniques pour prot\u00e9ger les informations personnelles contre tout acc\u00e8s, collecte, utilisation, divulgation, copie, modification ou \u00e9limination non autoris\u00e9s, d&rsquo;une mani\u00e8re qui corresponde \u00e0 leur sensibilit\u00e9, \u00e0 la finalit\u00e9 de leur utilisation, \u00e0 leur quantit\u00e9, \u00e0 leur distribution, \u00e0 leur support, \u00e0 leur valeur et \u00e0 leur criticit\u00e9. <\/p>\n<p>AIM utilise des techniques de s\u00e9curit\u00e9 de l&rsquo;information g\u00e9n\u00e9ralement accept\u00e9es, telles que des pares-feux et des proc\u00e9dures de contr\u00f4le d&rsquo;acc\u00e8s, et se conforme \u00e0 des contr\u00f4les organisationnels, tels que le principe du moindre privil\u00e8ge, et \u00e0 des contr\u00f4les technologiques, tels que les mots de passe informatiques, ainsi qu&rsquo;\u00e0 la formation des employ\u00e9s en mati\u00e8re de cybers\u00e9curit\u00e9, afin de prot\u00e9ger les informations personnelles contre la perte et l&rsquo;acc\u00e8s non autoris\u00e9. <\/p>\n<p>Bien qu&rsquo;AIM mette en \u0153uvre des pr\u00e9cautions raisonnables pour prot\u00e9ger les informations personnelles, nous ne pouvons pas garantir \u00e0 tout moment la s\u00e9curit\u00e9 de ces informations. Aucune m\u00e9thode de transmission ou de stockage des donn\u00e9es n&rsquo;est totalement s\u00fbre, en particulier en ce qui concerne les applications Internet. <\/p>\n<p><strong>Communications marketing<\/strong> <\/p>\n<p>Si vous avez demand\u00e9 \u00e0 figurer sur une liste de diffusion et que vous souhaitez annuler cette demande, vous pouvez contacter le service de communication d&rsquo;AIM par courrier \u00e9lectronique \u00e0 l&rsquo;adresse AIMDataProtection@aim-global.com ou, s&rsquo;il s&rsquo;agit d&rsquo;une liste de diffusion par courrier \u00e9lectronique, en cliquant sur \u00ab\u00a0unsubscribe\u00a0\u00bb (se d\u00e9sinscrire) au bas du courrier \u00e9lectronique. <\/p>\n<p>N&rsquo;oubliez pas que si vous choisissez de ne pas recevoir de communications marketing, vous continuerez \u00e0 recevoir des communications transactionnelles ou relatives \u00e0 votre compte concernant les produits ou services que vous avez demand\u00e9s sur notre site. <\/p>\n<p><strong>Vos droits <\/strong><\/p>\n<p>Dans certaines circonstances et sous r\u00e9serve des lois applicables en mati\u00e8re de protection des donn\u00e9es, vous pouvez, sur demande \u00e9crite accompagn\u00e9e d&rsquo;une preuve d&rsquo;identit\u00e9, consulter les informations personnelles que nous avons collect\u00e9es, utilis\u00e9es ou partag\u00e9es, et\/ou demander qu&rsquo;elles soient corrig\u00e9es, et\/ou retirer votre consentement \u00e0 la divulgation ou \u00e0 l&rsquo;utilisation des informations personnelles collect\u00e9es. <\/p>\n<p>Si la loi l&rsquo;exige ou le permet, vous pouvez b\u00e9n\u00e9ficier de droits suppl\u00e9mentaires, notamment : (i) le droit de contr\u00f4ler la diffusion de vos informations personnelles ; (ii) le droit de recevoir les informations personnelles informatis\u00e9es collect\u00e9es aupr\u00e8s de vous dans un format structur\u00e9, couramment utilis\u00e9 et technologique et de les faire transf\u00e9rer directement \u00e0 une autre organisation ; (iii) le droit d&rsquo;\u00eatre inform\u00e9 et de pr\u00e9senter des observations concernant la prise de d\u00e9cision automatis\u00e9e ; et (iv) le droit de demander des informations sur le traitement des donn\u00e9es. <\/p>\n<p>Enfin, vous avez \u00e9galement le droit de d\u00e9poser une plainte aupr\u00e8s d&rsquo;une autorit\u00e9 comp\u00e9tente en mati\u00e8re de protection des donn\u00e9es, en particulier dans le pays\/territoire o\u00f9 vous r\u00e9sidez habituellement, o\u00f9 nous sommes \u00e9tablis ou lorsqu&rsquo;une violation pr\u00e9sum\u00e9e de la loi sur la protection des donn\u00e9es a eu lieu, comme la Commission d&rsquo;acc\u00e8s \u00e0 l&rsquo;information du Qu\u00e9bec ou le Commissariat \u00e0 la protection de la vie priv\u00e9e du Canada. <\/p>\n<p>Pour exercer l&rsquo;un de ces droits, veuillez nous contacter comme indiqu\u00e9 dans la section ci-dessous \u00ab\u00a0Contactez-nous\u00a0\u00bb. <\/p>\n<p><strong>Modifications de la Politique <\/strong><\/p>\n<p>AIM se r\u00e9serve le droit de modifier \u00e0 tout moment la pr\u00e9sente Politique, ainsi que les proc\u00e9dures qui s&rsquo;y rapportent. Les modifications de la Politique seront publi\u00e9es sur le Site et entreront en vigueur \u00e0 la date de leur publication. En utilisant le Site apr\u00e8s une telle modification, vous acceptez d&rsquo;\u00eatre li\u00e9 par les conditions r\u00e9vis\u00e9es de la pr\u00e9sente Politique. C&rsquo;est pourquoi nous vous encourageons \u00e0 consulter la pr\u00e9sente Politique chaque fois que vous utilisez le site, en particulier lorsque vous fournissez des informations personnelles. <\/p>\n<p><strong>Nous contacter<\/strong> <\/p>\n<p>Si vous avez des questions, des demandes ou des plaintes concernant vos informations personnelles, la pr\u00e9sente Politique ou nos pratiques li\u00e9es \u00e0 ce site, veuillez contacter notre responsable de la protection de la vie priv\u00e9e \u00e0 l&rsquo;adresse suivante : <\/p>\n<p>La Compagnie Am\u00e9ricaine de Fer &#038; M\u00e9taux Inc .<br \/>\nAIMDataProtection@aim-global.com<br \/>\n9100 Boul. Henri-Bourassa Est<br \/>\nMontr\u00e9al, Qu\u00e9bec H1E 2S4<br \/>\nCanada <\/p>\n\n    \n<\/div>                        \n        <\/div>\n    <\/div>\n    <\/div>\n    <\/div>\n<\/div>\n\n","protected":false},"excerpt":{"rendered":"","protected":false},"author":1,"featured_media":0,"parent":0,"menu_order":0,"comment_status":"closed","ping_status":"closed","template":"","meta":{"_acf_changed":false,"footnotes":""},"class_list":["post-41994","page","type-page","status-publish","hentry"],"acf":[],"yoast_head":"<!-- This site is optimized with the Yoast SEO plugin v26.3 - https:\/\/yoast.com\/wordpress\/plugins\/seo\/ -->\n<title>Politique de confidentialit\u00e9 - Kenny U-Pull<\/title>\n<meta name=\"robots\" content=\"index, follow, max-snippet:-1, max-image-preview:large, max-video-preview:-1\" \/>\n<link rel=\"canonical\" href=\"https:\/\/kennyupull.com\/fr\/politique-de-confidentialite\/\" \/>\n<meta property=\"og:locale\" content=\"fr_FR\" \/>\n<meta property=\"og:type\" content=\"article\" \/>\n<meta property=\"og:title\" content=\"Politique de confidentialit\u00e9 - Kenny U-Pull\" \/>\n<meta property=\"og:url\" content=\"https:\/\/kennyupull.com\/fr\/politique-de-confidentialite\/\" \/>\n<meta property=\"og:site_name\" content=\"Kenny U-Pull\" \/>\n<meta property=\"article:modified_time\" content=\"2024-06-04T17:34:42+00:00\" \/>\n<meta name=\"twitter:card\" content=\"summary_large_image\" \/>\n<script type=\"application\/ld+json\" class=\"yoast-schema-graph\">{\"@context\":\"https:\/\/schema.org\",\"@graph\":[{\"@type\":\"WebPage\",\"@id\":\"https:\/\/kennyupull.com\/fr\/politique-de-confidentialite\/\",\"url\":\"https:\/\/kennyupull.com\/fr\/politique-de-confidentialite\/\",\"name\":\"Politique de confidentialit\u00e9 - Kenny U-Pull\",\"isPartOf\":{\"@id\":\"https:\/\/kennyupull.com\/#website\"},\"datePublished\":\"2022-02-02T15:35:39+00:00\",\"dateModified\":\"2024-06-04T17:34:42+00:00\",\"inLanguage\":\"fr-FR\",\"potentialAction\":[{\"@type\":\"ReadAction\",\"target\":[\"https:\/\/kennyupull.com\/fr\/politique-de-confidentialite\/\"]}]},{\"@type\":\"WebSite\",\"@id\":\"https:\/\/kennyupull.com\/#website\",\"url\":\"https:\/\/kennyupull.com\/\",\"name\":\"Kenny U-Pull\",\"description\":\"\",\"potentialAction\":[{\"@type\":\"SearchAction\",\"target\":{\"@type\":\"EntryPoint\",\"urlTemplate\":\"https:\/\/kennyupull.com\/?s={search_term_string}\"},\"query-input\":{\"@type\":\"PropertyValueSpecification\",\"valueRequired\":true,\"valueName\":\"search_term_string\"}}],\"inLanguage\":\"fr-FR\"}]}<\/script>\n<!-- \/ Yoast SEO plugin. -->","yoast_head_json":{"title":"Politique de confidentialit\u00e9 - Kenny U-Pull","robots":{"index":"index","follow":"follow","max-snippet":"max-snippet:-1","max-image-preview":"max-image-preview:large","max-video-preview":"max-video-preview:-1"},"canonical":"https:\/\/kennyupull.com\/fr\/politique-de-confidentialite\/","og_locale":"fr_FR","og_type":"article","og_title":"Politique de confidentialit\u00e9 - Kenny U-Pull","og_url":"https:\/\/kennyupull.com\/fr\/politique-de-confidentialite\/","og_site_name":"Kenny U-Pull","article_modified_time":"2024-06-04T17:34:42+00:00","twitter_card":"summary_large_image","schema":{"@context":"https:\/\/schema.org","@graph":[{"@type":"WebPage","@id":"https:\/\/kennyupull.com\/fr\/politique-de-confidentialite\/","url":"https:\/\/kennyupull.com\/fr\/politique-de-confidentialite\/","name":"Politique de confidentialit\u00e9 - Kenny U-Pull","isPartOf":{"@id":"https:\/\/kennyupull.com\/#website"},"datePublished":"2022-02-02T15:35:39+00:00","dateModified":"2024-06-04T17:34:42+00:00","inLanguage":"fr-FR","potentialAction":[{"@type":"ReadAction","target":["https:\/\/kennyupull.com\/fr\/politique-de-confidentialite\/"]}]},{"@type":"WebSite","@id":"https:\/\/kennyupull.com\/#website","url":"https:\/\/kennyupull.com\/","name":"Kenny U-Pull","description":"","potentialAction":[{"@type":"SearchAction","target":{"@type":"EntryPoint","urlTemplate":"https:\/\/kennyupull.com\/?s={search_term_string}"},"query-input":{"@type":"PropertyValueSpecification","valueRequired":true,"valueName":"search_term_string"}}],"inLanguage":"fr-FR"}]}},"publishpress_future_action":{"enabled":false,"date":"2026-04-15 14:57:08","action":"change-status","newStatus":"draft","terms":[],"taxonomy":"translation_priority","extraData":[]},"publishpress_future_workflow_manual_trigger":{"enabledWorkflows":[]},"_links":{"self":[{"href":"https:\/\/kennyupull.com\/fr\/wp-json\/wp\/v2\/pages\/41994","targetHints":{"allow":["GET"]}}],"collection":[{"href":"https:\/\/kennyupull.com\/fr\/wp-json\/wp\/v2\/pages"}],"about":[{"href":"https:\/\/kennyupull.com\/fr\/wp-json\/wp\/v2\/types\/page"}],"author":[{"embeddable":true,"href":"https:\/\/kennyupull.com\/fr\/wp-json\/wp\/v2\/users\/1"}],"replies":[{"embeddable":true,"href":"https:\/\/kennyupull.com\/fr\/wp-json\/wp\/v2\/comments?post=41994"}],"version-history":[{"count":23,"href":"https:\/\/kennyupull.com\/fr\/wp-json\/wp\/v2\/pages\/41994\/revisions"}],"predecessor-version":[{"id":9351425,"href":"https:\/\/kennyupull.com\/fr\/wp-json\/wp\/v2\/pages\/41994\/revisions\/9351425"}],"wp:attachment":[{"href":"https:\/\/kennyupull.com\/fr\/wp-json\/wp\/v2\/media?parent=41994"}],"curies":[{"name":"wp","href":"https:\/\/api.w.org\/{rel}","templated":true}]}}