{"id":483,"date":"2021-10-31T15:07:42","date_gmt":"2021-10-31T19:07:42","guid":{"rendered":"http:\/\/localhost:8888\/kenny-u-pull\/accueil\/"},"modified":"2026-02-25T08:37:40","modified_gmt":"2026-02-25T13:37:40","slug":"accueil","status":"publish","type":"page","link":"https:\/\/kennyupull.com\/fr\/","title":{"rendered":"Accueil"},"content":{"rendered":"","protected":false},"excerpt":{"rendered":"","protected":false},"author":1,"featured_media":3300519,"parent":0,"menu_order":0,"comment_status":"closed","ping_status":"closed","template":"views\/template-home.blade.php","meta":{"_acf_changed":false,"footnotes":""},"class_list":["post-483","page","type-page","status-publish","has-post-thumbnail","hentry"],"acf":[],"yoast_head":"<!-- This site is optimized with the Yoast SEO plugin v26.3 - https:\/\/yoast.com\/wordpress\/plugins\/seo\/ -->\n<title>Vente de pi\u00e8ces usag\u00e9es et recyclage de vieux v\u00e9hicules | Kenny U-Pull<\/title>\n<meta name=\"description\" content=\"L\u2019id\u00e9e de recycler votre v\u00e9hicule vous pla\u00eet? Vous cherchez un v\u00e9hicule d\u2019occasion ou une pi\u00e8ce pour r\u00e9parer votre v\u00e9hicule actuel? Venez chez Kenny U-Pull!\" \/>\n<meta name=\"robots\" content=\"index, follow, max-snippet:-1, max-image-preview:large, max-video-preview:-1\" \/>\n<link rel=\"canonical\" href=\"https:\/\/kennyupull.com\/fr\/\" \/>\n<meta property=\"og:locale\" content=\"fr_FR\" \/>\n<meta property=\"og:type\" content=\"article\" \/>\n<meta property=\"og:title\" content=\"Vente de pi\u00e8ces usag\u00e9es et recyclage de vieux v\u00e9hicules | Kenny U-Pull\" \/>\n<meta property=\"og:description\" content=\"L\u2019id\u00e9e de recycler votre v\u00e9hicule vous pla\u00eet? Vous cherchez un v\u00e9hicule d\u2019occasion ou une pi\u00e8ce pour r\u00e9parer votre v\u00e9hicule actuel? Venez chez Kenny U-Pull!\" \/>\n<meta property=\"og:url\" content=\"https:\/\/kennyupull.com\/fr\/\" \/>\n<meta property=\"og:site_name\" content=\"Kenny U-Pull\" \/>\n<meta property=\"article:modified_time\" content=\"2026-02-25T13:37:40+00:00\" \/>\n<meta property=\"og:image\" content=\"https:\/\/kennyupull.com\/wp-content\/uploads\/2022\/09\/kenny-website-default-og.png\" \/>\n\t<meta property=\"og:image:width\" content=\"1200\" \/>\n\t<meta property=\"og:image:height\" content=\"630\" \/>\n\t<meta property=\"og:image:type\" content=\"image\/png\" \/>\n<meta name=\"twitter:card\" content=\"summary_large_image\" \/>\n<script type=\"application\/ld+json\" class=\"yoast-schema-graph\">{\"@context\":\"https:\/\/schema.org\",\"@graph\":[{\"@type\":\"WebPage\",\"@id\":\"https:\/\/kennyupull.com\/fr\/\",\"url\":\"https:\/\/kennyupull.com\/fr\/\",\"name\":\"Vente de pi\u00e8ces usag\u00e9es et recyclage de vieux v\u00e9hicules | Kenny U-Pull\",\"isPartOf\":{\"@id\":\"https:\/\/kennyupull.com\/#website\"},\"primaryImageOfPage\":{\"@id\":\"https:\/\/kennyupull.com\/fr\/#primaryimage\"},\"image\":{\"@id\":\"https:\/\/kennyupull.com\/fr\/#primaryimage\"},\"thumbnailUrl\":\"https:\/\/kennyupull.com\/wp-content\/uploads\/2022\/09\/kenny-website-default-og.png\",\"datePublished\":\"2021-10-31T19:07:42+00:00\",\"dateModified\":\"2026-02-25T13:37:40+00:00\",\"description\":\"L\u2019id\u00e9e de recycler votre v\u00e9hicule vous pla\u00eet? Vous cherchez un v\u00e9hicule d\u2019occasion ou une pi\u00e8ce pour r\u00e9parer votre v\u00e9hicule actuel? Venez chez Kenny U-Pull!\",\"inLanguage\":\"fr-FR\",\"potentialAction\":[{\"@type\":\"ReadAction\",\"target\":[\"https:\/\/kennyupull.com\/fr\/\"]}]},{\"@type\":\"ImageObject\",\"inLanguage\":\"fr-FR\",\"@id\":\"https:\/\/kennyupull.com\/fr\/#primaryimage\",\"url\":\"https:\/\/kennyupull.com\/wp-content\/uploads\/2022\/09\/kenny-website-default-og.png\",\"contentUrl\":\"https:\/\/kennyupull.com\/wp-content\/uploads\/2022\/09\/kenny-website-default-og.png\",\"width\":1200,\"height\":630},{\"@type\":\"WebSite\",\"@id\":\"https:\/\/kennyupull.com\/#website\",\"url\":\"https:\/\/kennyupull.com\/\",\"name\":\"Kenny U-Pull\",\"description\":\"\",\"potentialAction\":[{\"@type\":\"SearchAction\",\"target\":{\"@type\":\"EntryPoint\",\"urlTemplate\":\"https:\/\/kennyupull.com\/?s={search_term_string}\"},\"query-input\":{\"@type\":\"PropertyValueSpecification\",\"valueRequired\":true,\"valueName\":\"search_term_string\"}}],\"inLanguage\":\"fr-FR\"}]}<\/script>\n<!-- \/ Yoast SEO plugin. -->","yoast_head_json":{"title":"Vente de pi\u00e8ces usag\u00e9es et recyclage de vieux v\u00e9hicules | Kenny U-Pull","description":"L\u2019id\u00e9e de recycler votre v\u00e9hicule vous pla\u00eet? Vous cherchez un v\u00e9hicule d\u2019occasion ou une pi\u00e8ce pour r\u00e9parer votre v\u00e9hicule actuel? Venez chez Kenny U-Pull!","robots":{"index":"index","follow":"follow","max-snippet":"max-snippet:-1","max-image-preview":"max-image-preview:large","max-video-preview":"max-video-preview:-1"},"canonical":"https:\/\/kennyupull.com\/fr\/","og_locale":"fr_FR","og_type":"article","og_title":"Vente de pi\u00e8ces usag\u00e9es et recyclage de vieux v\u00e9hicules | Kenny U-Pull","og_description":"L\u2019id\u00e9e de recycler votre v\u00e9hicule vous pla\u00eet? Vous cherchez un v\u00e9hicule d\u2019occasion ou une pi\u00e8ce pour r\u00e9parer votre v\u00e9hicule actuel? Venez chez Kenny U-Pull!","og_url":"https:\/\/kennyupull.com\/fr\/","og_site_name":"Kenny U-Pull","article_modified_time":"2026-02-25T13:37:40+00:00","og_image":[{"width":1200,"height":630,"url":"https:\/\/kennyupull.com\/wp-content\/uploads\/2022\/09\/kenny-website-default-og.png","type":"image\/png"}],"twitter_card":"summary_large_image","schema":{"@context":"https:\/\/schema.org","@graph":[{"@type":"WebPage","@id":"https:\/\/kennyupull.com\/fr\/","url":"https:\/\/kennyupull.com\/fr\/","name":"Vente de pi\u00e8ces usag\u00e9es et recyclage de vieux v\u00e9hicules | Kenny U-Pull","isPartOf":{"@id":"https:\/\/kennyupull.com\/#website"},"primaryImageOfPage":{"@id":"https:\/\/kennyupull.com\/fr\/#primaryimage"},"image":{"@id":"https:\/\/kennyupull.com\/fr\/#primaryimage"},"thumbnailUrl":"https:\/\/kennyupull.com\/wp-content\/uploads\/2022\/09\/kenny-website-default-og.png","datePublished":"2021-10-31T19:07:42+00:00","dateModified":"2026-02-25T13:37:40+00:00","description":"L\u2019id\u00e9e de recycler votre v\u00e9hicule vous pla\u00eet? Vous cherchez un v\u00e9hicule d\u2019occasion ou une pi\u00e8ce pour r\u00e9parer votre v\u00e9hicule actuel? Venez chez Kenny U-Pull!","inLanguage":"fr-FR","potentialAction":[{"@type":"ReadAction","target":["https:\/\/kennyupull.com\/fr\/"]}]},{"@type":"ImageObject","inLanguage":"fr-FR","@id":"https:\/\/kennyupull.com\/fr\/#primaryimage","url":"https:\/\/kennyupull.com\/wp-content\/uploads\/2022\/09\/kenny-website-default-og.png","contentUrl":"https:\/\/kennyupull.com\/wp-content\/uploads\/2022\/09\/kenny-website-default-og.png","width":1200,"height":630},{"@type":"WebSite","@id":"https:\/\/kennyupull.com\/#website","url":"https:\/\/kennyupull.com\/","name":"Kenny U-Pull","description":"","potentialAction":[{"@type":"SearchAction","target":{"@type":"EntryPoint","urlTemplate":"https:\/\/kennyupull.com\/?s={search_term_string}"},"query-input":{"@type":"PropertyValueSpecification","valueRequired":true,"valueName":"search_term_string"}}],"inLanguage":"fr-FR"}]}},"publishpress_future_action":{"enabled":false,"date":"2026-04-16 00:57:28","action":"change-status","newStatus":"draft","terms":[],"taxonomy":"translation_priority","extraData":[]},"publishpress_future_workflow_manual_trigger":{"enabledWorkflows":[]},"_links":{"self":[{"href":"https:\/\/kennyupull.com\/fr\/wp-json\/wp\/v2\/pages\/483","targetHints":{"allow":["GET"]}}],"collection":[{"href":"https:\/\/kennyupull.com\/fr\/wp-json\/wp\/v2\/pages"}],"about":[{"href":"https:\/\/kennyupull.com\/fr\/wp-json\/wp\/v2\/types\/page"}],"author":[{"embeddable":true,"href":"https:\/\/kennyupull.com\/fr\/wp-json\/wp\/v2\/users\/1"}],"replies":[{"embeddable":true,"href":"https:\/\/kennyupull.com\/fr\/wp-json\/wp\/v2\/comments?post=483"}],"version-history":[{"count":80,"href":"https:\/\/kennyupull.com\/fr\/wp-json\/wp\/v2\/pages\/483\/revisions"}],"predecessor-version":[{"id":10096532,"href":"https:\/\/kennyupull.com\/fr\/wp-json\/wp\/v2\/pages\/483\/revisions\/10096532"}],"wp:featuredmedia":[{"embeddable":true,"href":"https:\/\/kennyupull.com\/fr\/wp-json\/wp\/v2\/media\/3300519"}],"wp:attachment":[{"href":"https:\/\/kennyupull.com\/fr\/wp-json\/wp\/v2\/media?parent=483"}],"curies":[{"name":"wp","href":"https:\/\/api.w.org\/{rel}","templated":true}]}}