{"id":9408391,"date":"2024-07-25T11:33:56","date_gmt":"2024-07-25T15:33:56","guid":{"rendered":"https:\/\/kennyupull.com\/?page_id=9408391"},"modified":"2026-02-02T09:42:27","modified_gmt":"2026-02-02T14:42:27","slug":"garantie-prolongee","status":"publish","type":"page","link":"https:\/\/kennyupull.com\/fr\/garantie-prolongee\/","title":{"rendered":"Garantie prolong\u00e9e de 90 jours"},"content":{"rendered":"\n<h2 class=\"wp-block-heading\">Avantages :<\/h2>\n\n\n\n<ul class=\"wp-block-list\">\n<li>Couverture pendant 90 jours au-del\u00e0 de notre garantie standard de 15 jours<\/li>\n\n\n\n<li>Une protection abordable, sans franchise<\/li>\n\n\n\n<li>Permet de se prot\u00e9ger contre les probl\u00e8mes inattendus lors des r\u00e9parations<\/li>\n\n\n\n<li>automobiles<\/li>\n\n\n\n<li>Id\u00e9al pour ceux qui passent du temps \u00e0 retirer des pi\u00e8ces, comme des moteurs, des transmissions ou d&rsquo;autres r\u00e9parations automobiles qui prennent du temps, vous donnant l&rsquo;assurance que si une pi\u00e8ce est d\u00e9fectueuse dans les trois mois, vous pouvez la retourner.<\/li>\n\n\n\n<li>Vous b\u00e9n\u00e9ficiez d&rsquo;un d\u00e9lai suppl\u00e9mentaire pour effectuer vos r\u00e9parations, ce qui vous permet d&rsquo;avoir l&rsquo;esprit tranquille en sachant que vous \u00eates couvert au-del\u00e0 de la p\u00e9riode initiale de 15 jours.<\/li>\n<\/ul>\n\n\n\n<h2 class=\"wp-block-heading\">Pi\u00e8ces \u00e9ligibles<\/h2>\n\n\n\n<p>Plus de 550 pi\u00e8ces automobiles peuvent b\u00e9n\u00e9ficier de la protection de 90 jours.<\/p>\n\n\n\n<h2 class=\"wp-block-heading\">Ce qui est couvert :<\/h2>\n\n\n\n<ul class=\"wp-block-list\">\n<li>Moteur<\/li>\n\n\n\n<li>Transmission<\/li>\n\n\n\n<li>Syst\u00e8mes \u00e9lectriques<\/li>\n\n\n\n<li>Pi\u00e8ces de suspension<\/li>\n\n\n\n<li>Et bien plus\u2026<\/li>\n<\/ul>\n\n\n\n<h2 class=\"wp-block-heading\">Mentions l\u00e9gales &#8211; R\u00e9sum\u00e9 des conditions :<\/h2>\n\n\n\n<ul class=\"wp-block-list\">\n<li>Retours et annulations : L&rsquo;extension de garantie peut \u00eatre annul\u00e9e dans les 15 jours suivant l&rsquo;achat. Le remboursement sera effectu\u00e9 sur une carte cadeau si la pi\u00e8ce est retourn\u00e9e dans les 15 jours.<\/li>\n\n\n\n<li>Disponible \u00e0 l&rsquo;achat en magasin seulement.<\/li>\n\n\n\n<li>Le prix du plan varie en fonction du prix hors taxes du produit couvert.<\/li>\n\n\n\n<li>Le plan est vendu s\u00e9par\u00e9ment.<\/li>\n\n\n\n<li>Disponible dans toutes les succursales.<\/li>\n<\/ul>\n\n\n\n<p>Pour des informations l\u00e9gales et des conditions d\u00e9taill\u00e9es, veuillez vous r\u00e9f\u00e9rer \u00e0 notre contrat de garantie suppl\u00e9mentaire complet. (PDF)<\/p>\n\n\n\n<p><a href=\"https:\/\/kennyupull.com\/wp-content\/uploads\/2024\/07\/CONTRAT-DE-GARANTIE-SUPPLEMENTAIRE.pdf\" class=\"pdf\">T\u00e9l\u00e9charger le contrat de garantie additionnel<\/a><\/p>\n\n\n\n<p>&nbsp;<\/p>\n\n\n\n<p><\/p>\n\n\n\n<h2 class=\"wp-block-heading\">Garantie sp\u00e9ciale sur les pneus et batteries<\/h2>\n\n\n\n<ul class=\"wp-block-list\">\n<li><strong>Batteries<\/strong> : Garantie gratuite de 6 mois avec la possibilit\u00e9 de passer \u00e0 une\u00a0garantie \u00e0 vie\u00a0pour\u00a025 $\u00a0de plus<\/li>\n\n\n\n<li><strong>Pneus<\/strong> : Vente finale, pas de retour ni d&rsquo;\u00e9change<\/li>\n<\/ul>\n","protected":false},"excerpt":{"rendered":"<p>Avantages : Pi\u00e8ces \u00e9ligibles Plus de 550 pi\u00e8ces automobiles peuvent b\u00e9n\u00e9ficier de la protection de 90 jours. Ce qui est couvert : Mentions l\u00e9gales &#8211; R\u00e9sum\u00e9 des conditions : Pour des informations l\u00e9gales et des conditions d\u00e9taill\u00e9es, veuillez vous r\u00e9f\u00e9rer \u00e0 notre contrat de garantie suppl\u00e9mentaire complet. (PDF) T\u00e9l\u00e9charger le contrat de garantie additionnel &nbsp; &hellip; <a href=\"https:\/\/kennyupull.com\/fr\/garantie-prolongee\/\">Continued<\/a><\/p>\n","protected":false},"author":180,"featured_media":0,"parent":0,"menu_order":0,"comment_status":"closed","ping_status":"closed","template":"views\/template-warranty.blade.php","meta":{"_acf_changed":false,"footnotes":""},"class_list":["post-9408391","page","type-page","status-publish","hentry"],"acf":[],"yoast_head":"<!-- This site is optimized with the Yoast SEO plugin v26.3 - https:\/\/yoast.com\/wordpress\/plugins\/seo\/ -->\n<title>Garantie prolong\u00e9e de 90 jours - Kenny U-Pull<\/title>\n<meta name=\"robots\" content=\"index, follow, max-snippet:-1, max-image-preview:large, max-video-preview:-1\" \/>\n<link rel=\"canonical\" href=\"https:\/\/kennyupull.com\/fr\/garantie-prolongee\/\" \/>\n<meta property=\"og:locale\" content=\"fr_FR\" \/>\n<meta property=\"og:type\" content=\"article\" \/>\n<meta property=\"og:title\" content=\"Garantie prolong\u00e9e de 90 jours - Kenny U-Pull\" \/>\n<meta property=\"og:description\" content=\"Avantages : Pi\u00e8ces \u00e9ligibles Plus de 550 pi\u00e8ces automobiles peuvent b\u00e9n\u00e9ficier de la protection de 90 jours. Ce qui est couvert : Mentions l\u00e9gales &#8211; R\u00e9sum\u00e9 des conditions : Pour des informations l\u00e9gales et des conditions d\u00e9taill\u00e9es, veuillez vous r\u00e9f\u00e9rer \u00e0 notre contrat de garantie suppl\u00e9mentaire complet. (PDF) T\u00e9l\u00e9charger le contrat de garantie additionnel &nbsp; &hellip; Continued\" \/>\n<meta property=\"og:url\" content=\"https:\/\/kennyupull.com\/fr\/garantie-prolongee\/\" \/>\n<meta property=\"og:site_name\" content=\"Kenny U-Pull\" \/>\n<meta property=\"article:modified_time\" content=\"2026-02-02T14:42:27+00:00\" \/>\n<meta name=\"twitter:card\" content=\"summary_large_image\" \/>\n<meta name=\"twitter:label1\" content=\"Dur\u00e9e de lecture estim\u00e9e\" \/>\n\t<meta name=\"twitter:data1\" content=\"1 minute\" \/>\n<script type=\"application\/ld+json\" class=\"yoast-schema-graph\">{\"@context\":\"https:\/\/schema.org\",\"@graph\":[{\"@type\":\"WebPage\",\"@id\":\"https:\/\/kennyupull.com\/fr\/garantie-prolongee\/\",\"url\":\"https:\/\/kennyupull.com\/fr\/garantie-prolongee\/\",\"name\":\"Garantie prolong\u00e9e de 90 jours - Kenny U-Pull\",\"isPartOf\":{\"@id\":\"https:\/\/kennyupull.com\/#website\"},\"datePublished\":\"2024-07-25T15:33:56+00:00\",\"dateModified\":\"2026-02-02T14:42:27+00:00\",\"inLanguage\":\"fr-FR\",\"potentialAction\":[{\"@type\":\"ReadAction\",\"target\":[\"https:\/\/kennyupull.com\/fr\/garantie-prolongee\/\"]}]},{\"@type\":\"WebSite\",\"@id\":\"https:\/\/kennyupull.com\/#website\",\"url\":\"https:\/\/kennyupull.com\/\",\"name\":\"Kenny U-Pull\",\"description\":\"\",\"potentialAction\":[{\"@type\":\"SearchAction\",\"target\":{\"@type\":\"EntryPoint\",\"urlTemplate\":\"https:\/\/kennyupull.com\/?s={search_term_string}\"},\"query-input\":{\"@type\":\"PropertyValueSpecification\",\"valueRequired\":true,\"valueName\":\"search_term_string\"}}],\"inLanguage\":\"fr-FR\"}]}<\/script>\n<!-- \/ Yoast SEO plugin. -->","yoast_head_json":{"title":"Garantie prolong\u00e9e de 90 jours - Kenny U-Pull","robots":{"index":"index","follow":"follow","max-snippet":"max-snippet:-1","max-image-preview":"max-image-preview:large","max-video-preview":"max-video-preview:-1"},"canonical":"https:\/\/kennyupull.com\/fr\/garantie-prolongee\/","og_locale":"fr_FR","og_type":"article","og_title":"Garantie prolong\u00e9e de 90 jours - Kenny U-Pull","og_description":"Avantages : Pi\u00e8ces \u00e9ligibles Plus de 550 pi\u00e8ces automobiles peuvent b\u00e9n\u00e9ficier de la protection de 90 jours. Ce qui est couvert : Mentions l\u00e9gales &#8211; R\u00e9sum\u00e9 des conditions : Pour des informations l\u00e9gales et des conditions d\u00e9taill\u00e9es, veuillez vous r\u00e9f\u00e9rer \u00e0 notre contrat de garantie suppl\u00e9mentaire complet. (PDF) T\u00e9l\u00e9charger le contrat de garantie additionnel &nbsp; &hellip; Continued","og_url":"https:\/\/kennyupull.com\/fr\/garantie-prolongee\/","og_site_name":"Kenny U-Pull","article_modified_time":"2026-02-02T14:42:27+00:00","twitter_card":"summary_large_image","twitter_misc":{"Dur\u00e9e de lecture estim\u00e9e":"1 minute"},"schema":{"@context":"https:\/\/schema.org","@graph":[{"@type":"WebPage","@id":"https:\/\/kennyupull.com\/fr\/garantie-prolongee\/","url":"https:\/\/kennyupull.com\/fr\/garantie-prolongee\/","name":"Garantie prolong\u00e9e de 90 jours - Kenny U-Pull","isPartOf":{"@id":"https:\/\/kennyupull.com\/#website"},"datePublished":"2024-07-25T15:33:56+00:00","dateModified":"2026-02-02T14:42:27+00:00","inLanguage":"fr-FR","potentialAction":[{"@type":"ReadAction","target":["https:\/\/kennyupull.com\/fr\/garantie-prolongee\/"]}]},{"@type":"WebSite","@id":"https:\/\/kennyupull.com\/#website","url":"https:\/\/kennyupull.com\/","name":"Kenny U-Pull","description":"","potentialAction":[{"@type":"SearchAction","target":{"@type":"EntryPoint","urlTemplate":"https:\/\/kennyupull.com\/?s={search_term_string}"},"query-input":{"@type":"PropertyValueSpecification","valueRequired":true,"valueName":"search_term_string"}}],"inLanguage":"fr-FR"}]}},"publishpress_future_action":{"enabled":false,"date":"2026-04-21 08:25:02","action":"change-status","newStatus":"draft","terms":[],"taxonomy":"translation_priority","extraData":[]},"publishpress_future_workflow_manual_trigger":{"enabledWorkflows":[]},"_links":{"self":[{"href":"https:\/\/kennyupull.com\/fr\/wp-json\/wp\/v2\/pages\/9408391","targetHints":{"allow":["GET"]}}],"collection":[{"href":"https:\/\/kennyupull.com\/fr\/wp-json\/wp\/v2\/pages"}],"about":[{"href":"https:\/\/kennyupull.com\/fr\/wp-json\/wp\/v2\/types\/page"}],"author":[{"embeddable":true,"href":"https:\/\/kennyupull.com\/fr\/wp-json\/wp\/v2\/users\/180"}],"replies":[{"embeddable":true,"href":"https:\/\/kennyupull.com\/fr\/wp-json\/wp\/v2\/comments?post=9408391"}],"version-history":[{"count":16,"href":"https:\/\/kennyupull.com\/fr\/wp-json\/wp\/v2\/pages\/9408391\/revisions"}],"predecessor-version":[{"id":10069119,"href":"https:\/\/kennyupull.com\/fr\/wp-json\/wp\/v2\/pages\/9408391\/revisions\/10069119"}],"wp:attachment":[{"href":"https:\/\/kennyupull.com\/fr\/wp-json\/wp\/v2\/media?parent=9408391"}],"curies":[{"name":"wp","href":"https:\/\/api.w.org\/{rel}","templated":true}]}}