{"id":9545205,"date":"2024-11-11T12:53:38","date_gmt":"2024-11-11T17:53:38","guid":{"rendered":"https:\/\/kennyupull.com\/?page_id=9545205"},"modified":"2024-11-11T13:44:52","modified_gmt":"2024-11-11T18:44:52","slug":"saaqclic","status":"publish","type":"page","link":"https:\/\/kennyupull.com\/fr\/saaqclic\/","title":{"rendered":"Cr\u00e9ation d&rsquo;un compte SAAQclic (Qu\u00e9bec seulement)"},"content":{"rendered":"\n<p>Pour compl\u00e9ter la vente de votre v\u00e9hicule \u00e0 Kenny U-Pull, il est essentiel de cr\u00e9er un compte SAAQclic. <strong>Nous vous recommandons fortement de cr\u00e9er un compte SAAQclic dans les 48 heures suivant la vente afin d&rsquo;assurer un transfert de propri\u00e9t\u00e9 ad\u00e9quat.<\/strong><\/p>\n\n<p><strong>Facilitez le transfert :<\/strong> Un compte SAAQclic vous permet de g\u00e9rer facilement le transfert de votre voiture, rendant le processus rapide et sans tracas.<\/p>\n\n<p><strong>Traitement des remboursements d&rsquo;immatriculation rapide :<\/strong> Avoir votre compte SAAQclic permet que tous les remboursements d&rsquo;immatriculation soient trait\u00e9s rapidement et efficacement.<\/p>\n\n<p><strong>Acc\u00e8s aux informations :<\/strong> Avec votre compte, vous pouvez consulter des informations importantes et des documents li\u00e9s \u00e0 votre v\u00e9hicule, ce qui est crucial lors de la vente.<\/p>\n\n<p><strong>Gain de temps :<\/strong> En ayant votre compte pr\u00eat, vous \u00e9vitez les d\u00e9lais et les complications lors de la vente de votre v\u00e9hicule.<\/p>\n\n<p>N\u2019attendez pas ! Cr\u00e9ez votre compte SaaqClic d\u00e8s aujourd&rsquo;hui pour garantir une vente sans encombre de votre voiture \u00e0 Kenny U-Pull..<\/p>\n\n<p><a href=\"https:\/\/saaqclic.saaq.gouv.qc.ca\/saaqstorefront\/fr\/login\" target=\"_blank\" rel=\"noopener\">https:\/\/saaqclic.saaq.gouv.qc.ca\/saaqstorefront\/fr\/login<\/a><\/p>\n\n<p><a class=\"pdf\" target=\"_blank\" href=\"https:\/\/saaq.gouv.qc.ca\/blob\/saaq\/documents\/publications\/premiere-connexion-SAAQclic-service-authentification-gouvernementale.pdf\" rel=\"noopener\">T\u00e9l\u00e9charger le PDF d&rsquo;information<\/a><\/p>\n","protected":false},"excerpt":{"rendered":"<p>Pour compl\u00e9ter la vente de votre v\u00e9hicule \u00e0 Kenny U-Pull, il est essentiel de cr\u00e9er un compte SAAQclic. Nous vous recommandons fortement de cr\u00e9er un compte SAAQclic dans les 48 heures suivant la vente afin d&rsquo;assurer un transfert de propri\u00e9t\u00e9 ad\u00e9quat. Facilitez le transfert : Un compte SAAQclic vous permet de g\u00e9rer facilement le transfert &hellip; <a href=\"https:\/\/kennyupull.com\/fr\/saaqclic\/\">Continued<\/a><\/p>\n","protected":false},"author":180,"featured_media":0,"parent":0,"menu_order":0,"comment_status":"closed","ping_status":"closed","template":"","meta":{"_acf_changed":false,"footnotes":""},"class_list":["post-9545205","page","type-page","status-publish","hentry"],"acf":[],"yoast_head":"<!-- This site is optimized with the Yoast SEO plugin v26.3 - https:\/\/yoast.com\/wordpress\/plugins\/seo\/ -->\n<title>Cr\u00e9ation d'un compte SAAQclic (Qu\u00e9bec seulement) - Kenny U-Pull<\/title>\n<meta name=\"robots\" content=\"index, follow, max-snippet:-1, max-image-preview:large, max-video-preview:-1\" \/>\n<link rel=\"canonical\" href=\"https:\/\/kennyupull.com\/fr\/saaqclic\/\" \/>\n<meta property=\"og:locale\" content=\"fr_FR\" \/>\n<meta property=\"og:type\" content=\"article\" \/>\n<meta property=\"og:title\" content=\"Cr\u00e9ation d&#039;un compte SAAQclic (Qu\u00e9bec seulement) - Kenny U-Pull\" \/>\n<meta property=\"og:description\" content=\"Pour compl\u00e9ter la vente de votre v\u00e9hicule \u00e0 Kenny U-Pull, il est essentiel de cr\u00e9er un compte SAAQclic. Nous vous recommandons fortement de cr\u00e9er un compte SAAQclic dans les 48 heures suivant la vente afin d&rsquo;assurer un transfert de propri\u00e9t\u00e9 ad\u00e9quat. Facilitez le transfert : Un compte SAAQclic vous permet de g\u00e9rer facilement le transfert &hellip; Continued\" \/>\n<meta property=\"og:url\" content=\"https:\/\/kennyupull.com\/fr\/saaqclic\/\" \/>\n<meta property=\"og:site_name\" content=\"Kenny U-Pull\" \/>\n<meta property=\"article:modified_time\" content=\"2024-11-11T18:44:52+00:00\" \/>\n<meta name=\"twitter:card\" content=\"summary_large_image\" \/>\n<meta name=\"twitter:label1\" content=\"Dur\u00e9e de lecture estim\u00e9e\" \/>\n\t<meta name=\"twitter:data1\" content=\"1 minute\" \/>\n<script type=\"application\/ld+json\" class=\"yoast-schema-graph\">{\"@context\":\"https:\/\/schema.org\",\"@graph\":[{\"@type\":\"WebPage\",\"@id\":\"https:\/\/kennyupull.com\/fr\/saaqclic\/\",\"url\":\"https:\/\/kennyupull.com\/fr\/saaqclic\/\",\"name\":\"Cr\u00e9ation d'un compte SAAQclic (Qu\u00e9bec seulement) - Kenny U-Pull\",\"isPartOf\":{\"@id\":\"https:\/\/kennyupull.com\/#website\"},\"datePublished\":\"2024-11-11T17:53:38+00:00\",\"dateModified\":\"2024-11-11T18:44:52+00:00\",\"inLanguage\":\"fr-FR\",\"potentialAction\":[{\"@type\":\"ReadAction\",\"target\":[\"https:\/\/kennyupull.com\/fr\/saaqclic\/\"]}]},{\"@type\":\"WebSite\",\"@id\":\"https:\/\/kennyupull.com\/#website\",\"url\":\"https:\/\/kennyupull.com\/\",\"name\":\"Kenny U-Pull\",\"description\":\"\",\"potentialAction\":[{\"@type\":\"SearchAction\",\"target\":{\"@type\":\"EntryPoint\",\"urlTemplate\":\"https:\/\/kennyupull.com\/?s={search_term_string}\"},\"query-input\":{\"@type\":\"PropertyValueSpecification\",\"valueRequired\":true,\"valueName\":\"search_term_string\"}}],\"inLanguage\":\"fr-FR\"}]}<\/script>\n<!-- \/ Yoast SEO plugin. -->","yoast_head_json":{"title":"Cr\u00e9ation d'un compte SAAQclic (Qu\u00e9bec seulement) - Kenny U-Pull","robots":{"index":"index","follow":"follow","max-snippet":"max-snippet:-1","max-image-preview":"max-image-preview:large","max-video-preview":"max-video-preview:-1"},"canonical":"https:\/\/kennyupull.com\/fr\/saaqclic\/","og_locale":"fr_FR","og_type":"article","og_title":"Cr\u00e9ation d'un compte SAAQclic (Qu\u00e9bec seulement) - Kenny U-Pull","og_description":"Pour compl\u00e9ter la vente de votre v\u00e9hicule \u00e0 Kenny U-Pull, il est essentiel de cr\u00e9er un compte SAAQclic. Nous vous recommandons fortement de cr\u00e9er un compte SAAQclic dans les 48 heures suivant la vente afin d&rsquo;assurer un transfert de propri\u00e9t\u00e9 ad\u00e9quat. Facilitez le transfert : Un compte SAAQclic vous permet de g\u00e9rer facilement le transfert &hellip; Continued","og_url":"https:\/\/kennyupull.com\/fr\/saaqclic\/","og_site_name":"Kenny U-Pull","article_modified_time":"2024-11-11T18:44:52+00:00","twitter_card":"summary_large_image","twitter_misc":{"Dur\u00e9e de lecture estim\u00e9e":"1 minute"},"schema":{"@context":"https:\/\/schema.org","@graph":[{"@type":"WebPage","@id":"https:\/\/kennyupull.com\/fr\/saaqclic\/","url":"https:\/\/kennyupull.com\/fr\/saaqclic\/","name":"Cr\u00e9ation d'un compte SAAQclic (Qu\u00e9bec seulement) - Kenny U-Pull","isPartOf":{"@id":"https:\/\/kennyupull.com\/#website"},"datePublished":"2024-11-11T17:53:38+00:00","dateModified":"2024-11-11T18:44:52+00:00","inLanguage":"fr-FR","potentialAction":[{"@type":"ReadAction","target":["https:\/\/kennyupull.com\/fr\/saaqclic\/"]}]},{"@type":"WebSite","@id":"https:\/\/kennyupull.com\/#website","url":"https:\/\/kennyupull.com\/","name":"Kenny U-Pull","description":"","potentialAction":[{"@type":"SearchAction","target":{"@type":"EntryPoint","urlTemplate":"https:\/\/kennyupull.com\/?s={search_term_string}"},"query-input":{"@type":"PropertyValueSpecification","valueRequired":true,"valueName":"search_term_string"}}],"inLanguage":"fr-FR"}]}},"publishpress_future_action":{"enabled":false,"date":"2026-04-29 06:51:06","action":"change-status","newStatus":"draft","terms":[],"taxonomy":"translation_priority","extraData":[]},"publishpress_future_workflow_manual_trigger":{"enabledWorkflows":[]},"_links":{"self":[{"href":"https:\/\/kennyupull.com\/fr\/wp-json\/wp\/v2\/pages\/9545205","targetHints":{"allow":["GET"]}}],"collection":[{"href":"https:\/\/kennyupull.com\/fr\/wp-json\/wp\/v2\/pages"}],"about":[{"href":"https:\/\/kennyupull.com\/fr\/wp-json\/wp\/v2\/types\/page"}],"author":[{"embeddable":true,"href":"https:\/\/kennyupull.com\/fr\/wp-json\/wp\/v2\/users\/180"}],"replies":[{"embeddable":true,"href":"https:\/\/kennyupull.com\/fr\/wp-json\/wp\/v2\/comments?post=9545205"}],"version-history":[{"count":3,"href":"https:\/\/kennyupull.com\/fr\/wp-json\/wp\/v2\/pages\/9545205\/revisions"}],"predecessor-version":[{"id":9545214,"href":"https:\/\/kennyupull.com\/fr\/wp-json\/wp\/v2\/pages\/9545205\/revisions\/9545214"}],"wp:attachment":[{"href":"https:\/\/kennyupull.com\/fr\/wp-json\/wp\/v2\/media?parent=9545205"}],"curies":[{"name":"wp","href":"https:\/\/api.w.org\/{rel}","templated":true}]}}