{"id":9895369,"date":"2025-07-03T16:09:37","date_gmt":"2025-07-03T20:09:37","guid":{"rendered":"https:\/\/kennyupull.com\/cash-for-cars-gatineau\/"},"modified":"2025-09-29T20:34:29","modified_gmt":"2025-09-30T00:34:29","slug":"rachat-de-vehicule-gatineau","status":"publish","type":"page","link":"https:\/\/kennyupull.com\/fr\/rachat-de-vehicule-gatineau\/","title":{"rendered":"Du cash pour votre auto \u00e0 Gatineau, QC"},"content":{"rendered":"","protected":false},"excerpt":{"rendered":"","protected":false},"author":203,"featured_media":0,"parent":0,"menu_order":0,"comment_status":"closed","ping_status":"closed","template":"views\/template-cash-for-cars-v2.blade.php","meta":{"_acf_changed":false,"footnotes":""},"class_list":["post-9895369","page","type-page","status-publish","hentry"],"acf":[],"yoast_head":"<!-- This site is optimized with the Yoast SEO plugin v26.3 - https:\/\/yoast.com\/wordpress\/plugins\/seo\/ -->\n<title>Cash Pour Les Voitures \u00e0 Gatineau - Cash Pour Les Chars Scrap<\/title>\n<meta name=\"description\" content=\"Rachat de voitures \u00e0 Gatineau, QC \u2013 Nous achetons tout type de v\u00e9hicule, peu importe l\u2019\u00e9tat. Obtenez une soumission gratuite et rapide pour votre voiture usag\u00e9e ou scrap d\u00e8s aujourd\u2019hui!\" \/>\n<meta name=\"robots\" content=\"index, follow, max-snippet:-1, max-image-preview:large, max-video-preview:-1\" \/>\n<link rel=\"canonical\" href=\"https:\/\/kennyupull.com\/fr\/rachat-de-vehicule-gatineau\/\" \/>\n<meta property=\"og:locale\" content=\"fr_FR\" \/>\n<meta property=\"og:type\" content=\"article\" \/>\n<meta property=\"og:title\" content=\"Cash Pour Les Voitures \u00e0 Gatineau - Cash Pour Les Chars Scrap\" \/>\n<meta property=\"og:description\" content=\"Rachat de voitures \u00e0 Gatineau, QC \u2013 Nous achetons tout type de v\u00e9hicule, peu importe l\u2019\u00e9tat. Obtenez une soumission gratuite et rapide pour votre voiture usag\u00e9e ou scrap d\u00e8s aujourd\u2019hui!\" \/>\n<meta property=\"og:url\" content=\"https:\/\/kennyupull.com\/fr\/rachat-de-vehicule-gatineau\/\" \/>\n<meta property=\"og:site_name\" content=\"Kenny U-Pull\" \/>\n<meta property=\"article:modified_time\" content=\"2025-09-30T00:34:29+00:00\" \/>\n<meta name=\"twitter:card\" content=\"summary_large_image\" \/>\n<script type=\"application\/ld+json\" class=\"yoast-schema-graph\">{\"@context\":\"https:\/\/schema.org\",\"@graph\":[{\"@type\":\"WebPage\",\"@id\":\"https:\/\/kennyupull.com\/fr\/rachat-de-vehicule-gatineau\/\",\"url\":\"https:\/\/kennyupull.com\/fr\/rachat-de-vehicule-gatineau\/\",\"name\":\"Cash Pour Les Voitures \u00e0 Gatineau - Cash Pour Les Chars Scrap\",\"isPartOf\":{\"@id\":\"https:\/\/kennyupull.com\/#website\"},\"datePublished\":\"2025-07-03T20:09:37+00:00\",\"dateModified\":\"2025-09-30T00:34:29+00:00\",\"description\":\"Rachat de voitures \u00e0 Gatineau, QC \u2013 Nous achetons tout type de v\u00e9hicule, peu importe l\u2019\u00e9tat. Obtenez une soumission gratuite et rapide pour votre voiture usag\u00e9e ou scrap d\u00e8s aujourd\u2019hui!\",\"inLanguage\":\"fr-FR\",\"potentialAction\":[{\"@type\":\"ReadAction\",\"target\":[\"https:\/\/kennyupull.com\/fr\/rachat-de-vehicule-gatineau\/\"]}]},{\"@type\":\"WebSite\",\"@id\":\"https:\/\/kennyupull.com\/#website\",\"url\":\"https:\/\/kennyupull.com\/\",\"name\":\"Kenny U-Pull\",\"description\":\"\",\"potentialAction\":[{\"@type\":\"SearchAction\",\"target\":{\"@type\":\"EntryPoint\",\"urlTemplate\":\"https:\/\/kennyupull.com\/?s={search_term_string}\"},\"query-input\":{\"@type\":\"PropertyValueSpecification\",\"valueRequired\":true,\"valueName\":\"search_term_string\"}}],\"inLanguage\":\"fr-FR\"}]}<\/script>\n<!-- \/ Yoast SEO plugin. -->","yoast_head_json":{"title":"Cash Pour Les Voitures \u00e0 Gatineau - Cash Pour Les Chars Scrap","description":"Rachat de voitures \u00e0 Gatineau, QC \u2013 Nous achetons tout type de v\u00e9hicule, peu importe l\u2019\u00e9tat. Obtenez une soumission gratuite et rapide pour votre voiture usag\u00e9e ou scrap d\u00e8s aujourd\u2019hui!","robots":{"index":"index","follow":"follow","max-snippet":"max-snippet:-1","max-image-preview":"max-image-preview:large","max-video-preview":"max-video-preview:-1"},"canonical":"https:\/\/kennyupull.com\/fr\/rachat-de-vehicule-gatineau\/","og_locale":"fr_FR","og_type":"article","og_title":"Cash Pour Les Voitures \u00e0 Gatineau - Cash Pour Les Chars Scrap","og_description":"Rachat de voitures \u00e0 Gatineau, QC \u2013 Nous achetons tout type de v\u00e9hicule, peu importe l\u2019\u00e9tat. Obtenez une soumission gratuite et rapide pour votre voiture usag\u00e9e ou scrap d\u00e8s aujourd\u2019hui!","og_url":"https:\/\/kennyupull.com\/fr\/rachat-de-vehicule-gatineau\/","og_site_name":"Kenny U-Pull","article_modified_time":"2025-09-30T00:34:29+00:00","twitter_card":"summary_large_image","schema":{"@context":"https:\/\/schema.org","@graph":[{"@type":"WebPage","@id":"https:\/\/kennyupull.com\/fr\/rachat-de-vehicule-gatineau\/","url":"https:\/\/kennyupull.com\/fr\/rachat-de-vehicule-gatineau\/","name":"Cash Pour Les Voitures \u00e0 Gatineau - Cash Pour Les Chars Scrap","isPartOf":{"@id":"https:\/\/kennyupull.com\/#website"},"datePublished":"2025-07-03T20:09:37+00:00","dateModified":"2025-09-30T00:34:29+00:00","description":"Rachat de voitures \u00e0 Gatineau, QC \u2013 Nous achetons tout type de v\u00e9hicule, peu importe l\u2019\u00e9tat. Obtenez une soumission gratuite et rapide pour votre voiture usag\u00e9e ou scrap d\u00e8s aujourd\u2019hui!","inLanguage":"fr-FR","potentialAction":[{"@type":"ReadAction","target":["https:\/\/kennyupull.com\/fr\/rachat-de-vehicule-gatineau\/"]}]},{"@type":"WebSite","@id":"https:\/\/kennyupull.com\/#website","url":"https:\/\/kennyupull.com\/","name":"Kenny U-Pull","description":"","potentialAction":[{"@type":"SearchAction","target":{"@type":"EntryPoint","urlTemplate":"https:\/\/kennyupull.com\/?s={search_term_string}"},"query-input":{"@type":"PropertyValueSpecification","valueRequired":true,"valueName":"search_term_string"}}],"inLanguage":"fr-FR"}]}},"publishpress_future_action":{"enabled":false,"date":"2026-04-16 01:06:51","action":"change-status","newStatus":"draft","terms":[],"taxonomy":"translation_priority","extraData":[]},"publishpress_future_workflow_manual_trigger":{"enabledWorkflows":[]},"_links":{"self":[{"href":"https:\/\/kennyupull.com\/fr\/wp-json\/wp\/v2\/pages\/9895369","targetHints":{"allow":["GET"]}}],"collection":[{"href":"https:\/\/kennyupull.com\/fr\/wp-json\/wp\/v2\/pages"}],"about":[{"href":"https:\/\/kennyupull.com\/fr\/wp-json\/wp\/v2\/types\/page"}],"author":[{"embeddable":true,"href":"https:\/\/kennyupull.com\/fr\/wp-json\/wp\/v2\/users\/203"}],"replies":[{"embeddable":true,"href":"https:\/\/kennyupull.com\/fr\/wp-json\/wp\/v2\/comments?post=9895369"}],"version-history":[{"count":9,"href":"https:\/\/kennyupull.com\/fr\/wp-json\/wp\/v2\/pages\/9895369\/revisions"}],"predecessor-version":[{"id":9920037,"href":"https:\/\/kennyupull.com\/fr\/wp-json\/wp\/v2\/pages\/9895369\/revisions\/9920037"}],"wp:attachment":[{"href":"https:\/\/kennyupull.com\/fr\/wp-json\/wp\/v2\/media?parent=9895369"}],"curies":[{"name":"wp","href":"https:\/\/api.w.org\/{rel}","templated":true}]}}